{"id":509,"date":"2021-10-06T16:39:59","date_gmt":"2021-10-06T16:39:59","guid":{"rendered":"https:\/\/icatlax.edu.mx\/?page_id=509"},"modified":"2022-02-09T21:58:36","modified_gmt":"2022-02-09T21:58:36","slug":"cursos","status":"publish","type":"page","link":"https:\/\/icatlax.edu.mx\/index.php\/cursos\/","title":{"rendered":"Cursos"},"content":{"rendered":"\n<p class=\"has-black-color has-text-color\" style=\"font-size:30px\"><strong>Modalidades<\/strong><\/p>\n\n\n\n<p class=\"has-black-color has-text-color has-medium-font-size\"><strong>Regulares y Educaci\u00f3n Basada en Competencias (EBC)<\/strong><\/p>\n\n\n\n<p>Proporciona formaci\u00f3n para el trabajo, a trav\u00e9s del desarrollo de conocimientos, habilidades. destrezas y aptitudes. <\/p>\n\n\n\n<p class=\"has-black-color has-text-color has-medium-font-size\"><strong>Cursos de Extensi\u00f3n<\/strong><\/p>\n\n\n\n<p>Permite incorporar o actualizar conocimientos para el desempe\u00f1o laboral de los trabajadores. <\/p>\n\n\n\n<p class=\"has-black-color has-text-color has-medium-font-size\"><strong>Cursos de Capacitaci\u00f3n Acelerada Espec\u00edfica (CAE)<\/strong><\/p>\n\n\n\n<p>Dirigido a trabajadores en activo que buscan mejorar la calidad de su desempe\u00f1o laboral.<\/p>\n\n\n\n<p class=\"has-black-color has-text-color has-medium-font-size\"><strong>Reconocimiento Oficial de la Competencia Ocupacional (ROCO)<\/strong><\/p>\n\n\n\n<p>Certifica los conocimientos, habilidades, destrezas y aptitudes a una competencia ocupacional. sin importar como fueron adquiridos. <\/p>\n\n\n\n<hr class=\"wp-block-separator\"\/>\n\n\n\n<p class=\"has-text-align-center has-black-color has-text-color\" style=\"font-size:30px\"><strong>Requisitos <\/strong><\/p>\n\n\n\n<ul class=\"wp-block-list\"><li>Saber leer y escribir<\/li><li>Ser mayor de 15 a\u00f1os de edad<\/li><li>Copia simple de acta de nacimiento <\/li><li>CURP<\/li><li>Comprobante de domicilio<\/li><li>2 fotograf\u00edas tama\u00f1o infantil, color o blanco y negro<\/li><li>Comprobante de \u00faltimo grado de estudios<\/li><li>Cubrir cuota de inscripci\u00f3n<\/li><li>Llenar solicitud de inscripci\u00f3n<\/li><li>Comprobante de calidad migratoria, en caso de ser extranjero  <\/li><\/ul>\n\n\n\n<p><\/p>\n\n\n\n<p class=\"has-black-color has-text-color\" style=\"font-size:25px\">&gt;&gt;&gt; <a href=\"https:\/\/icatlax.edu.mx\/wp-content\/uploads\/2021\/09\/OFERTA_EDUCATIVA_ICATLAX_2021.pdf\" target=\"_blank\" rel=\"noreferrer noopener\"><strong>Ver Oferta Educativa<\/strong><\/a> &lt;&lt;&lt;<\/p>\n","protected":false},"excerpt":{"rendered":"<p>Modalidades Regulares y Educaci\u00f3n Basada en Competencias (EBC) Proporciona formaci\u00f3n para el trabajo, a trav\u00e9s del desarrollo de conocimientos, habilidades. destrezas y aptitudes. Cursos de Extensi\u00f3n Permite incorporar o actualizar conocimientos para el desempe\u00f1o laboral de los trabajadores. Cursos de Capacitaci\u00f3n Acelerada Espec\u00edfica (CAE) Dirigido a trabajadores en activo que buscan mejorar la calidad de su desempe\u00f1o laboral. Reconocimiento Oficial de la Competencia Ocupacional (ROCO) Certifica los conocimientos, habilidades, destrezas y aptitudes a una competencia ocupacional. sin importar como fueron adquiridos. Requisitos Saber leer y escribir Ser mayor de 15 a\u00f1os de edad Copia simple de acta de nacimiento CURP Comprobante de domicilio 2 fotograf\u00edas tama\u00f1o infantil, color o blanco y negro Comprobante de \u00faltimo grado de estudios Cubrir cuota de inscripci\u00f3n Llenar solicitud de inscripci\u00f3n Comprobante de calidad migratoria, en caso de ser extranjero &gt;&gt;&gt; Ver Oferta Educativa &lt;&lt;&lt;<\/p>\n","protected":false},"author":1,"featured_media":0,"parent":0,"menu_order":0,"comment_status":"closed","ping_status":"closed","template":"","meta":{"footnotes":""},"class_list":["post-509","page","type-page","status-publish","hentry"],"yoast_head":"<!-- This site is optimized with the Yoast SEO plugin v25.3 - https:\/\/yoast.com\/wordpress\/plugins\/seo\/ -->\n<title>Cursos - ICATLAX<\/title>\n<meta name=\"robots\" content=\"index, follow, max-snippet:-1, max-image-preview:large, max-video-preview:-1\" \/>\n<link rel=\"canonical\" href=\"https:\/\/icatlax.edu.mx\/index.php\/cursos\/\" \/>\n<meta property=\"og:locale\" content=\"es_MX\" \/>\n<meta property=\"og:type\" content=\"article\" \/>\n<meta property=\"og:title\" content=\"Cursos - ICATLAX\" \/>\n<meta property=\"og:description\" content=\"Modalidades Regulares y Educaci\u00f3n Basada en Competencias (EBC) Proporciona formaci\u00f3n para el trabajo, a trav\u00e9s del desarrollo de conocimientos, habilidades. destrezas y aptitudes. Cursos de Extensi\u00f3n Permite incorporar o actualizar conocimientos para el desempe\u00f1o laboral de los trabajadores. Cursos de Capacitaci\u00f3n Acelerada Espec\u00edfica (CAE) Dirigido a trabajadores en activo que buscan mejorar la calidad de su desempe\u00f1o laboral. Reconocimiento Oficial de la Competencia Ocupacional (ROCO) Certifica los conocimientos, habilidades, destrezas y aptitudes a una competencia ocupacional. sin importar como fueron adquiridos. Requisitos Saber leer y escribir Ser mayor de 15 a\u00f1os de edad Copia simple de acta de nacimiento CURP Comprobante de domicilio 2 fotograf\u00edas tama\u00f1o infantil, color o blanco y negro Comprobante de \u00faltimo grado de estudios Cubrir cuota de inscripci\u00f3n Llenar solicitud de inscripci\u00f3n Comprobante de calidad migratoria, en caso de ser extranjero &gt;&gt;&gt; Ver Oferta Educativa &lt;&lt;&lt;\" \/>\n<meta property=\"og:url\" content=\"https:\/\/icatlax.edu.mx\/index.php\/cursos\/\" \/>\n<meta property=\"og:site_name\" content=\"ICATLAX\" \/>\n<meta property=\"article:modified_time\" content=\"2022-02-09T21:58:36+00:00\" \/>\n<meta name=\"twitter:card\" content=\"summary_large_image\" \/>\n<meta name=\"twitter:label1\" content=\"Tiempo de lectura\" \/>\n\t<meta name=\"twitter:data1\" content=\"1 minuto\" \/>\n<script type=\"application\/ld+json\" class=\"yoast-schema-graph\">{\"@context\":\"https:\/\/schema.org\",\"@graph\":[{\"@type\":\"WebPage\",\"@id\":\"https:\/\/icatlax.edu.mx\/index.php\/cursos\/\",\"url\":\"https:\/\/icatlax.edu.mx\/index.php\/cursos\/\",\"name\":\"Cursos - ICATLAX\",\"isPartOf\":{\"@id\":\"https:\/\/icatlax.edu.mx\/#website\"},\"datePublished\":\"2021-10-06T16:39:59+00:00\",\"dateModified\":\"2022-02-09T21:58:36+00:00\",\"breadcrumb\":{\"@id\":\"https:\/\/icatlax.edu.mx\/index.php\/cursos\/#breadcrumb\"},\"inLanguage\":\"es\",\"potentialAction\":[{\"@type\":\"ReadAction\",\"target\":[\"https:\/\/icatlax.edu.mx\/index.php\/cursos\/\"]}]},{\"@type\":\"BreadcrumbList\",\"@id\":\"https:\/\/icatlax.edu.mx\/index.php\/cursos\/#breadcrumb\",\"itemListElement\":[{\"@type\":\"ListItem\",\"position\":1,\"name\":\"Inicio\",\"item\":\"https:\/\/icatlax.edu.mx\/\"},{\"@type\":\"ListItem\",\"position\":2,\"name\":\"Cursos\"}]},{\"@type\":\"WebSite\",\"@id\":\"https:\/\/icatlax.edu.mx\/#website\",\"url\":\"https:\/\/icatlax.edu.mx\/\",\"name\":\"ICATLAX\",\"description\":\"INSTITUTO DE CAPACITACI\u00d3N PARA EL TRABAJO DEL ESTADO DE TLAXCALA\",\"publisher\":{\"@id\":\"https:\/\/icatlax.edu.mx\/#organization\"},\"potentialAction\":[{\"@type\":\"SearchAction\",\"target\":{\"@type\":\"EntryPoint\",\"urlTemplate\":\"https:\/\/icatlax.edu.mx\/?s={search_term_string}\"},\"query-input\":{\"@type\":\"PropertyValueSpecification\",\"valueRequired\":true,\"valueName\":\"search_term_string\"}}],\"inLanguage\":\"es\"},{\"@type\":\"Organization\",\"@id\":\"https:\/\/icatlax.edu.mx\/#organization\",\"name\":\"ICATLAX\",\"url\":\"https:\/\/icatlax.edu.mx\/\",\"logo\":{\"@type\":\"ImageObject\",\"inLanguage\":\"es\",\"@id\":\"https:\/\/icatlax.edu.mx\/#\/schema\/logo\/image\/\",\"url\":\"https:\/\/icatlax.edu.mx\/wp-content\/uploads\/2021\/10\/cropped-cropped-ICATLAX-1.png\",\"contentUrl\":\"https:\/\/icatlax.edu.mx\/wp-content\/uploads\/2021\/10\/cropped-cropped-ICATLAX-1.png\",\"width\":2533,\"height\":597,\"caption\":\"ICATLAX\"},\"image\":{\"@id\":\"https:\/\/icatlax.edu.mx\/#\/schema\/logo\/image\/\"}}]}<\/script>\n<!-- \/ Yoast SEO plugin. -->","yoast_head_json":{"title":"Cursos - ICATLAX","robots":{"index":"index","follow":"follow","max-snippet":"max-snippet:-1","max-image-preview":"max-image-preview:large","max-video-preview":"max-video-preview:-1"},"canonical":"https:\/\/icatlax.edu.mx\/index.php\/cursos\/","og_locale":"es_MX","og_type":"article","og_title":"Cursos - ICATLAX","og_description":"Modalidades Regulares y Educaci\u00f3n Basada en Competencias (EBC) Proporciona formaci\u00f3n para el trabajo, a trav\u00e9s del desarrollo de conocimientos, habilidades. destrezas y aptitudes. Cursos de Extensi\u00f3n Permite incorporar o actualizar conocimientos para el desempe\u00f1o laboral de los trabajadores. Cursos de Capacitaci\u00f3n Acelerada Espec\u00edfica (CAE) Dirigido a trabajadores en activo que buscan mejorar la calidad de su desempe\u00f1o laboral. Reconocimiento Oficial de la Competencia Ocupacional (ROCO) Certifica los conocimientos, habilidades, destrezas y aptitudes a una competencia ocupacional. sin importar como fueron adquiridos. Requisitos Saber leer y escribir Ser mayor de 15 a\u00f1os de edad Copia simple de acta de nacimiento CURP Comprobante de domicilio 2 fotograf\u00edas tama\u00f1o infantil, color o blanco y negro Comprobante de \u00faltimo grado de estudios Cubrir cuota de inscripci\u00f3n Llenar solicitud de inscripci\u00f3n Comprobante de calidad migratoria, en caso de ser extranjero &gt;&gt;&gt; Ver Oferta Educativa &lt;&lt;&lt;","og_url":"https:\/\/icatlax.edu.mx\/index.php\/cursos\/","og_site_name":"ICATLAX","article_modified_time":"2022-02-09T21:58:36+00:00","twitter_card":"summary_large_image","twitter_misc":{"Tiempo de lectura":"1 minuto"},"schema":{"@context":"https:\/\/schema.org","@graph":[{"@type":"WebPage","@id":"https:\/\/icatlax.edu.mx\/index.php\/cursos\/","url":"https:\/\/icatlax.edu.mx\/index.php\/cursos\/","name":"Cursos - ICATLAX","isPartOf":{"@id":"https:\/\/icatlax.edu.mx\/#website"},"datePublished":"2021-10-06T16:39:59+00:00","dateModified":"2022-02-09T21:58:36+00:00","breadcrumb":{"@id":"https:\/\/icatlax.edu.mx\/index.php\/cursos\/#breadcrumb"},"inLanguage":"es","potentialAction":[{"@type":"ReadAction","target":["https:\/\/icatlax.edu.mx\/index.php\/cursos\/"]}]},{"@type":"BreadcrumbList","@id":"https:\/\/icatlax.edu.mx\/index.php\/cursos\/#breadcrumb","itemListElement":[{"@type":"ListItem","position":1,"name":"Inicio","item":"https:\/\/icatlax.edu.mx\/"},{"@type":"ListItem","position":2,"name":"Cursos"}]},{"@type":"WebSite","@id":"https:\/\/icatlax.edu.mx\/#website","url":"https:\/\/icatlax.edu.mx\/","name":"ICATLAX","description":"INSTITUTO DE CAPACITACI\u00d3N PARA EL TRABAJO DEL ESTADO DE TLAXCALA","publisher":{"@id":"https:\/\/icatlax.edu.mx\/#organization"},"potentialAction":[{"@type":"SearchAction","target":{"@type":"EntryPoint","urlTemplate":"https:\/\/icatlax.edu.mx\/?s={search_term_string}"},"query-input":{"@type":"PropertyValueSpecification","valueRequired":true,"valueName":"search_term_string"}}],"inLanguage":"es"},{"@type":"Organization","@id":"https:\/\/icatlax.edu.mx\/#organization","name":"ICATLAX","url":"https:\/\/icatlax.edu.mx\/","logo":{"@type":"ImageObject","inLanguage":"es","@id":"https:\/\/icatlax.edu.mx\/#\/schema\/logo\/image\/","url":"https:\/\/icatlax.edu.mx\/wp-content\/uploads\/2021\/10\/cropped-cropped-ICATLAX-1.png","contentUrl":"https:\/\/icatlax.edu.mx\/wp-content\/uploads\/2021\/10\/cropped-cropped-ICATLAX-1.png","width":2533,"height":597,"caption":"ICATLAX"},"image":{"@id":"https:\/\/icatlax.edu.mx\/#\/schema\/logo\/image\/"}}]}},"_links":{"self":[{"href":"https:\/\/icatlax.edu.mx\/index.php\/wp-json\/wp\/v2\/pages\/509","targetHints":{"allow":["GET"]}}],"collection":[{"href":"https:\/\/icatlax.edu.mx\/index.php\/wp-json\/wp\/v2\/pages"}],"about":[{"href":"https:\/\/icatlax.edu.mx\/index.php\/wp-json\/wp\/v2\/types\/page"}],"author":[{"embeddable":true,"href":"https:\/\/icatlax.edu.mx\/index.php\/wp-json\/wp\/v2\/users\/1"}],"replies":[{"embeddable":true,"href":"https:\/\/icatlax.edu.mx\/index.php\/wp-json\/wp\/v2\/comments?post=509"}],"version-history":[{"count":13,"href":"https:\/\/icatlax.edu.mx\/index.php\/wp-json\/wp\/v2\/pages\/509\/revisions"}],"predecessor-version":[{"id":1117,"href":"https:\/\/icatlax.edu.mx\/index.php\/wp-json\/wp\/v2\/pages\/509\/revisions\/1117"}],"wp:attachment":[{"href":"https:\/\/icatlax.edu.mx\/index.php\/wp-json\/wp\/v2\/media?parent=509"}],"curies":[{"name":"wp","href":"https:\/\/api.w.org\/{rel}","templated":true}]}}