{"id":335,"date":"2021-09-28T19:35:22","date_gmt":"2021-09-28T19:35:22","guid":{"rendered":"https:\/\/icatlax.edu.mx\/?page_id=335"},"modified":"2021-10-15T18:00:43","modified_gmt":"2021-10-15T18:00:43","slug":"principal","status":"publish","type":"page","link":"https:\/\/icatlax.edu.mx\/index.php\/principal\/","title":{"rendered":"principal"},"content":{"rendered":"\t\t<div data-elementor-type=\"wp-page\" data-elementor-id=\"335\" class=\"elementor elementor-335\">\n\t\t\t\t\t\t<section class=\"elementor-section elementor-top-section elementor-element elementor-element-a0c33c3 elementor-section-full_width elementor-section-height-default elementor-section-height-default wpr-particle-no wpr-jarallax-no wpr-parallax-no wpr-sticky-section-no\" data-id=\"a0c33c3\" data-element_type=\"section\">\n\t\t\t\t\t\t<div class=\"elementor-container elementor-column-gap-default\">\n\t\t\t\t\t<div class=\"elementor-column elementor-col-100 elementor-top-column elementor-element elementor-element-ac1baa4\" data-id=\"ac1baa4\" data-element_type=\"column\">\n\t\t\t<div class=\"elementor-widget-wrap elementor-element-populated\">\n\t\t\t\t\t\t\t<\/div>\n\t\t<\/div>\n\t\t\t\t\t<\/div>\n\t\t<\/section>\n\t\t\t\t<section class=\"elementor-section elementor-top-section elementor-element elementor-element-c93b9c5 elementor-section-boxed elementor-section-height-default elementor-section-height-default wpr-particle-no wpr-jarallax-no wpr-parallax-no wpr-sticky-section-no\" data-id=\"c93b9c5\" data-element_type=\"section\">\n\t\t\t\t\t\t<div class=\"elementor-container elementor-column-gap-default\">\n\t\t\t\t\t<div class=\"elementor-column elementor-col-100 elementor-top-column elementor-element elementor-element-f87e538\" data-id=\"f87e538\" data-element_type=\"column\">\n\t\t\t<div class=\"elementor-widget-wrap elementor-element-populated\">\n\t\t\t\t\t\t<div class=\"elementor-element elementor-element-4bdff5d elementor-widget elementor-widget-heading\" data-id=\"4bdff5d\" data-element_type=\"widget\" data-widget_type=\"heading.default\">\n\t\t\t\t<div class=\"elementor-widget-container\">\n\t\t\t\t\t<h2 class=\"elementor-heading-title elementor-size-default\">Servicios<\/h2>\t\t\t\t<\/div>\n\t\t\t\t<\/div>\n\t\t\t\t\t<\/div>\n\t\t<\/div>\n\t\t\t\t\t<\/div>\n\t\t<\/section>\n\t\t\t\t<section class=\"elementor-section elementor-top-section elementor-element elementor-element-fab2c44 elementor-section-boxed elementor-section-height-default elementor-section-height-default wpr-particle-no wpr-jarallax-no wpr-parallax-no wpr-sticky-section-no\" data-id=\"fab2c44\" data-element_type=\"section\">\n\t\t\t\t\t\t<div class=\"elementor-container elementor-column-gap-default\">\n\t\t\t\t\t<div class=\"elementor-column elementor-col-33 elementor-top-column elementor-element elementor-element-1d94392\" data-id=\"1d94392\" data-element_type=\"column\">\n\t\t\t<div class=\"elementor-widget-wrap elementor-element-populated\">\n\t\t\t\t\t\t<div class=\"elementor-element elementor-element-215c78b elementor-widget elementor-widget-image\" data-id=\"215c78b\" data-element_type=\"widget\" data-widget_type=\"image.default\">\n\t\t\t\t<div class=\"elementor-widget-container\">\n\t\t\t\t\t\t\t\t\t\t\t\t\t\t\t\t<a href=\"https:\/\/icatlax.edu.mx\/index.php\/uc-icatlax\/\">\n\t\t\t\t\t\t\t<img decoding=\"async\" width=\"128\" height=\"128\" src=\"https:\/\/icatlax.edu.mx\/wp-content\/uploads\/2021\/09\/colegio-3.png\" class=\"attachment-large size-large wp-image-77\" alt=\"\" \/>\t\t\t\t\t\t\t\t<\/a>\n\t\t\t\t\t\t\t\t\t\t\t\t\t\t\t<\/div>\n\t\t\t\t<\/div>\n\t\t\t\t<div class=\"elementor-element elementor-element-b3baa89 elementor-widget elementor-widget-heading\" data-id=\"b3baa89\" data-element_type=\"widget\" data-widget_type=\"heading.default\">\n\t\t\t\t<div class=\"elementor-widget-container\">\n\t\t\t\t\t<h5 class=\"elementor-heading-title elementor-size-default\"><a href=\"https:\/\/icatlax.edu.mx\/index.php\/uc-icatlax\/\">Unidades de Capacitaci\u00f3n<\/a><\/h5>\t\t\t\t<\/div>\n\t\t\t\t<\/div>\n\t\t\t\t<div class=\"elementor-element elementor-element-b3dcb74 elementor-widget elementor-widget-text-editor\" data-id=\"b3dcb74\" data-element_type=\"widget\" data-widget_type=\"text-editor.default\">\n\t\t\t\t<div class=\"elementor-widget-container\">\n\t\t\t\t\t\t\t\t\t<p class=\"has-text-align-center has-text-color\"><a href=\"https:\/\/icatlax.edu.mx\/index.php\/uc-icatlax\/\">Aqu\u00ed encontraras la informaci\u00f3n de nuestras unidades de capacitaci\u00f3n<\/a><\/p>\t\t\t\t\t\t\t\t<\/div>\n\t\t\t\t<\/div>\n\t\t\t\t\t<\/div>\n\t\t<\/div>\n\t\t\t\t<div class=\"elementor-column elementor-col-33 elementor-top-column elementor-element elementor-element-e7334c0\" data-id=\"e7334c0\" data-element_type=\"column\">\n\t\t\t<div class=\"elementor-widget-wrap elementor-element-populated\">\n\t\t\t\t\t\t<div class=\"elementor-element elementor-element-1b993bc elementor-widget elementor-widget-image\" data-id=\"1b993bc\" data-element_type=\"widget\" data-widget_type=\"image.default\">\n\t\t\t\t<div class=\"elementor-widget-container\">\n\t\t\t\t\t\t\t\t\t\t\t\t\t\t\t\t<a href=\"https:\/\/icatlax.edu.mx\/index.php\/CURSOS\/\">\n\t\t\t\t\t\t\t<img decoding=\"async\" width=\"128\" height=\"128\" src=\"https:\/\/icatlax.edu.mx\/wp-content\/uploads\/2021\/09\/diploma.png\" class=\"attachment-large size-large wp-image-78\" alt=\"\" \/>\t\t\t\t\t\t\t\t<\/a>\n\t\t\t\t\t\t\t\t\t\t\t\t\t\t\t<\/div>\n\t\t\t\t<\/div>\n\t\t\t\t<div class=\"elementor-element elementor-element-a3bb5a5 elementor-widget elementor-widget-heading\" data-id=\"a3bb5a5\" data-element_type=\"widget\" data-widget_type=\"heading.default\">\n\t\t\t\t<div class=\"elementor-widget-container\">\n\t\t\t\t\t<h5 class=\"elementor-heading-title elementor-size-default\"><a href=\"https:\/\/icatlax.edu.mx\/index.php\/CURSOS\/\">Cursos<\/a><\/h5>\t\t\t\t<\/div>\n\t\t\t\t<\/div>\n\t\t\t\t<div class=\"elementor-element elementor-element-fb82b5f elementor-widget elementor-widget-text-editor\" data-id=\"fb82b5f\" data-element_type=\"widget\" data-widget_type=\"text-editor.default\">\n\t\t\t\t<div class=\"elementor-widget-container\">\n\t\t\t\t\t\t\t\t\t<div align=\"center\"><a href=\"https:\/\/icatlax.edu.mx\/wp-content\/uploads\/2021\/09\/OFERTA_EDUCATIVA_ICATLAX_2021.pdf\"><span>A<\/span>qu\u00ed encontraras los cursos que brindamos<\/a><\/div>\t\t\t\t\t\t\t\t<\/div>\n\t\t\t\t<\/div>\n\t\t\t\t\t<\/div>\n\t\t<\/div>\n\t\t\t\t<div class=\"elementor-column elementor-col-33 elementor-top-column elementor-element elementor-element-9858a0c\" data-id=\"9858a0c\" data-element_type=\"column\">\n\t\t\t<div class=\"elementor-widget-wrap elementor-element-populated\">\n\t\t\t\t\t\t<div class=\"elementor-element elementor-element-c898eaa elementor-widget elementor-widget-image\" data-id=\"c898eaa\" data-element_type=\"widget\" data-widget_type=\"image.default\">\n\t\t\t\t<div class=\"elementor-widget-container\">\n\t\t\t\t\t\t\t\t\t\t\t\t\t\t\t\t<a href=\"https:\/\/icatlax.edu.mx\/index.php\/nosotros\/\">\n\t\t\t\t\t\t\t<img decoding=\"async\" width=\"128\" height=\"128\" src=\"https:\/\/icatlax.edu.mx\/wp-content\/uploads\/2021\/09\/grupo.png\" class=\"attachment-large size-large wp-image-79\" alt=\"\" \/>\t\t\t\t\t\t\t\t<\/a>\n\t\t\t\t\t\t\t\t\t\t\t\t\t\t\t<\/div>\n\t\t\t\t<\/div>\n\t\t\t\t<div class=\"elementor-element elementor-element-5a6c3e9 elementor-widget elementor-widget-heading\" data-id=\"5a6c3e9\" data-element_type=\"widget\" data-widget_type=\"heading.default\">\n\t\t\t\t<div class=\"elementor-widget-container\">\n\t\t\t\t\t<h5 class=\"elementor-heading-title elementor-size-default\"><a href=\"https:\/\/icatlax.edu.mx\/index.php\/nosotros\/\">Nosotros<\/a><\/h5>\t\t\t\t<\/div>\n\t\t\t\t<\/div>\n\t\t\t\t<div class=\"elementor-element elementor-element-3aa9e3e elementor-widget elementor-widget-text-editor\" data-id=\"3aa9e3e\" data-element_type=\"widget\" data-widget_type=\"text-editor.default\">\n\t\t\t\t<div class=\"elementor-widget-container\">\n\t\t\t\t\t\t\t\t\t<div align=\"center\"><a href=\"https:\/\/icatlax.edu.mx\/index.php\/nosotros\/\">Informaci\u00f3n sobre nosotros<\/a><\/div>\t\t\t\t\t\t\t\t<\/div>\n\t\t\t\t<\/div>\n\t\t\t\t\t<\/div>\n\t\t<\/div>\n\t\t\t\t\t<\/div>\n\t\t<\/section>\n\t\t\t\t<section class=\"elementor-section elementor-top-section elementor-element elementor-element-8de121a elementor-section-boxed elementor-section-height-default elementor-section-height-default wpr-particle-no wpr-jarallax-no wpr-parallax-no wpr-sticky-section-no\" data-id=\"8de121a\" data-element_type=\"section\">\n\t\t\t\t\t\t<div class=\"elementor-container elementor-column-gap-default\">\n\t\t\t\t\t<div class=\"elementor-column elementor-col-66 elementor-top-column elementor-element elementor-element-0f330d7\" data-id=\"0f330d7\" data-element_type=\"column\">\n\t\t\t<div class=\"elementor-widget-wrap\">\n\t\t\t\t\t\t\t<\/div>\n\t\t<\/div>\n\t\t\t\t<div class=\"elementor-column elementor-col-33 elementor-top-column elementor-element elementor-element-515f9ba\" data-id=\"515f9ba\" data-element_type=\"column\">\n\t\t\t<div class=\"elementor-widget-wrap elementor-element-populated\">\n\t\t\t\t\t\t<div class=\"elementor-element elementor-element-062648b elementor-widget elementor-widget-html\" data-id=\"062648b\" data-element_type=\"widget\" data-widget_type=\"html.default\">\n\t\t\t\t<div class=\"elementor-widget-container\">\n\t\t\t\t\t<iframe src=\"https:\/\/www.facebook.com\/plugins\/page.php?href=https%3A%2F%2Fwww.facebook.com%2FICATLAX-232611185412580&amp;tabs=timeline&amp;width=500&amp;height=500&amp;small_header=true&amp;adapt_container_width=false&amp;hide_cover=false&amp;show_facepile=true&amp;appId\" width=\"500\" height=\"500\" style=\"border:none;overflow:hidden\" scrolling=\"no\" frameborder=\"0\" allowfullscreen=\"true\" allow=\"autoplay; clipboard-write; encrypted-media; picture-in-picture; web-share\"><\/iframe>\t\t\t\t<\/div>\n\t\t\t\t<\/div>\n\t\t\t\t<div class=\"elementor-element elementor-element-7ed31c5 elementor-widget elementor-widget-html\" data-id=\"7ed31c5\" data-element_type=\"widget\" data-widget_type=\"html.default\">\n\t\t\t\t<div class=\"elementor-widget-container\">\n\t\t\t\t\t<a class=\"twitter-timeline\" data-width=\"450\" data-height=\"550\" href=\"https:\/\/twitter.com\/GobTlaxcala?ref_src=twsrc%5Etfw\">Tweets by GobTlaxcala<\/a> <script async=\"\" src=\"https:\/\/platform.twitter.com\/widgets.js\" charset=\"utf-8\"><\/script>\t\t\t\t<\/div>\n\t\t\t\t<\/div>\n\t\t\t\t<div class=\"elementor-element elementor-element-792be12 elementor-widget elementor-widget-eael-creative-button\" data-id=\"792be12\" data-element_type=\"widget\" data-widget_type=\"eael-creative-button.default\">\n\t\t\t\t<div class=\"elementor-widget-container\">\n\t\t\t\t\t        <div class=\"eael-creative-button-wrapper\">\n\n            <a class=\"eael-creative-button eael-creative-button--wayra\" href=\"#\" data-text=\"\">\n\n\t    \n                <div class=\"creative-button-inner\">\n\n                    \n                    <span class=\"cretive-button-text\">Aviso de privacidad<\/span>\n\n                                    <\/div>\n\t                        <\/a>\n        <\/div>\n        \t\t\t\t<\/div>\n\t\t\t\t<\/div>\n\t\t\t\t<div class=\"elementor-element elementor-element-d850079 elementor-widget elementor-widget-eael-creative-button\" data-id=\"d850079\" data-element_type=\"widget\" data-widget_type=\"eael-creative-button.default\">\n\t\t\t\t<div class=\"elementor-widget-container\">\n\t\t\t\t\t        <div class=\"eael-creative-button-wrapper\">\n\n            <a class=\"eael-creative-button eael-creative-button--wayra\" href=\"https:\/\/transparencia.tlaxcala.gob.mx\/?dep=24&#038;option=com_content&#038;view=article&#038;id=34&#038;Itemid=73&#038;nomdep=INSTITUTO+DE+CAPACITACI%C3%93N+PARA+EL+TRABAJO+DEL+ESTADO+DE+TLAXCALA.&#038;ret=%2Fsistemas%2Ftransparencia%2Ftrans_qonsulta1.php&#038;lin=2018&#038;cmbDepCentral=0&#038;cmbDepDescentral=24&#038;cmbDepDesconce=0&#038;cmbDepOtros=0\" data-text=\"\">\n\n\t    \n                <div class=\"creative-button-inner\">\n\n                    \n                    <span class=\"cretive-button-text\">Transparencia<\/span>\n\n                                    <\/div>\n\t                        <\/a>\n        <\/div>\n        \t\t\t\t<\/div>\n\t\t\t\t<\/div>\n\t\t\t\t<div class=\"elementor-element elementor-element-e7cf262 elementor-widget elementor-widget-eael-creative-button\" data-id=\"e7cf262\" data-element_type=\"widget\" data-widget_type=\"eael-creative-button.default\">\n\t\t\t\t<div class=\"elementor-widget-container\">\n\t\t\t\t\t        <div class=\"eael-creative-button-wrapper\">\n\n            <a class=\"eael-creative-button eael-creative-button--wayra\" href=\"https:\/\/icatlax.edu.mx\/Cuenta-Publica\/\" data-text=\"\">\n\n\t    \n                <div class=\"creative-button-inner\">\n\n                    \n                    <span class=\"cretive-button-text\">Cuenta P\u00fablica<\/span>\n\n                                    <\/div>\n\t                        <\/a>\n        <\/div>\n        \t\t\t\t<\/div>\n\t\t\t\t<\/div>\n\t\t\t\t<div class=\"elementor-element elementor-element-02629a0 elementor-widget elementor-widget-eael-creative-button\" data-id=\"02629a0\" data-element_type=\"widget\" data-widget_type=\"eael-creative-button.default\">\n\t\t\t\t<div class=\"elementor-widget-container\">\n\t\t\t\t\t        <div class=\"eael-creative-button-wrapper\">\n\n            <a class=\"eael-creative-button eael-creative-button--wayra\" href=\"http:\/\/201.122.192.38\/SIICAT\/\" data-text=\"\">\n\n\t    \n                <div class=\"creative-button-inner\">\n\n                    \n                    <span class=\"cretive-button-text\">SIICAT<\/span>\n\n                                    <\/div>\n\t                        <\/a>\n        <\/div>\n        \t\t\t\t<\/div>\n\t\t\t\t<\/div>\n\t\t\t\t<div class=\"elementor-element elementor-element-09afd6d elementor-widget elementor-widget-eael-creative-button\" data-id=\"09afd6d\" data-element_type=\"widget\" data-widget_type=\"eael-creative-button.default\">\n\t\t\t\t<div class=\"elementor-widget-container\">\n\t\t\t\t\t        <div class=\"eael-creative-button-wrapper\">\n\n            <a class=\"eael-creative-button eael-creative-button--wayra\" href=\"http:\/\/201.122.192.38\/SIIF\" data-text=\"\">\n\n\t    \n                <div class=\"creative-button-inner\">\n\n                    \n                    <span class=\"cretive-button-text\">SIIF<\/span>\n\n                                    <\/div>\n\t                        <\/a>\n        <\/div>\n        \t\t\t\t<\/div>\n\t\t\t\t<\/div>\n\t\t\t\t<div class=\"elementor-element elementor-element-76c4dd9 elementor-widget elementor-widget-eael-creative-button\" data-id=\"76c4dd9\" data-element_type=\"widget\" data-widget_type=\"eael-creative-button.default\">\n\t\t\t\t<div class=\"elementor-widget-container\">\n\t\t\t\t\t        <div class=\"eael-creative-button-wrapper\">\n\n            <a class=\"eael-creative-button eael-creative-button--wayra\" href=\"#\" data-text=\"\">\n\n\t    \n                <div class=\"creative-button-inner\">\n\n                    \n                    <span class=\"cretive-button-text\">C\u00f3digo de Conducta<\/span>\n\n                                    <\/div>\n\t                        <\/a>\n        <\/div>\n        \t\t\t\t<\/div>\n\t\t\t\t<\/div>\n\t\t\t\t\t<\/div>\n\t\t<\/div>\n\t\t\t\t\t<\/div>\n\t\t<\/section>\n\t\t\t\t<\/div>\n\t\t","protected":false},"excerpt":{"rendered":"<p>Servicios Unidades de Capacitaci\u00f3n Aqu\u00ed encontraras la informaci\u00f3n de nuestras unidades de capacitaci\u00f3n Cursos Aqu\u00ed encontraras los cursos que brindamos Nosotros Informaci\u00f3n sobre nosotros Actividades Realizadas INAUGURA IGNACIO L\u00d3PEZ S\u00c1NCHEZ PRIMER CURSO DE CAPACITACI\u00d3N A SERVIDORES P\u00daBLICOS MUNICIPALES DE TEXOLOC Icatlax Oct 11, 2021 ICATLAX &#8211; S\u00cdNTESIS Y PROCESADOS DE MEXICO Icatlax Oct 11, 2021 ICATLAX &#8211; COSSIES Icatlax Oct 08, 2021 Tweets by GobTlaxcala Aviso de privacidad Transparencia Cuenta P\u00fablica SIICAT SIIF C\u00f3digo de Conducta<\/p>\n","protected":false},"author":1,"featured_media":0,"parent":0,"menu_order":0,"comment_status":"closed","ping_status":"closed","template":"elementor_header_footer","meta":{"footnotes":""},"class_list":["post-335","page","type-page","status-publish","hentry"],"yoast_head":"<!-- This site is optimized with the Yoast SEO plugin v25.3 - https:\/\/yoast.com\/wordpress\/plugins\/seo\/ -->\n<title>principal - ICATLAX<\/title>\n<meta name=\"robots\" content=\"index, follow, max-snippet:-1, max-image-preview:large, max-video-preview:-1\" \/>\n<link rel=\"canonical\" href=\"https:\/\/icatlax.edu.mx\/index.php\/principal\/\" \/>\n<meta property=\"og:locale\" content=\"es_MX\" \/>\n<meta property=\"og:type\" content=\"article\" \/>\n<meta property=\"og:title\" content=\"principal - ICATLAX\" \/>\n<meta property=\"og:description\" content=\"Servicios Unidades de Capacitaci\u00f3n Aqu\u00ed encontraras la informaci\u00f3n de nuestras unidades de capacitaci\u00f3n Cursos Aqu\u00ed encontraras los cursos que brindamos Nosotros Informaci\u00f3n sobre nosotros Actividades Realizadas INAUGURA IGNACIO L\u00d3PEZ S\u00c1NCHEZ PRIMER CURSO DE CAPACITACI\u00d3N A SERVIDORES P\u00daBLICOS MUNICIPALES DE TEXOLOC Icatlax Oct 11, 2021 ICATLAX &#8211; S\u00cdNTESIS Y PROCESADOS DE MEXICO Icatlax Oct 11, 2021 ICATLAX &#8211; COSSIES Icatlax Oct 08, 2021 Tweets by GobTlaxcala Aviso de privacidad Transparencia Cuenta P\u00fablica SIICAT SIIF C\u00f3digo de Conducta\" \/>\n<meta property=\"og:url\" content=\"https:\/\/icatlax.edu.mx\/index.php\/principal\/\" \/>\n<meta property=\"og:site_name\" content=\"ICATLAX\" \/>\n<meta property=\"article:modified_time\" content=\"2021-10-15T18:00:43+00:00\" \/>\n<meta property=\"og:image\" content=\"https:\/\/icatlax.edu.mx\/wp-content\/uploads\/2021\/09\/colegio-3.png\" \/>\n<meta name=\"twitter:card\" content=\"summary_large_image\" \/>\n<meta name=\"twitter:label1\" content=\"Tiempo de lectura\" \/>\n\t<meta name=\"twitter:data1\" content=\"2 minutos\" \/>\n<script type=\"application\/ld+json\" class=\"yoast-schema-graph\">{\"@context\":\"https:\/\/schema.org\",\"@graph\":[{\"@type\":\"WebPage\",\"@id\":\"https:\/\/icatlax.edu.mx\/index.php\/principal\/\",\"url\":\"https:\/\/icatlax.edu.mx\/index.php\/principal\/\",\"name\":\"principal - ICATLAX\",\"isPartOf\":{\"@id\":\"https:\/\/icatlax.edu.mx\/#website\"},\"primaryImageOfPage\":{\"@id\":\"https:\/\/icatlax.edu.mx\/index.php\/principal\/#primaryimage\"},\"image\":{\"@id\":\"https:\/\/icatlax.edu.mx\/index.php\/principal\/#primaryimage\"},\"thumbnailUrl\":\"https:\/\/icatlax.edu.mx\/wp-content\/uploads\/2021\/09\/colegio-3.png\",\"datePublished\":\"2021-09-28T19:35:22+00:00\",\"dateModified\":\"2021-10-15T18:00:43+00:00\",\"breadcrumb\":{\"@id\":\"https:\/\/icatlax.edu.mx\/index.php\/principal\/#breadcrumb\"},\"inLanguage\":\"es\",\"potentialAction\":[{\"@type\":\"ReadAction\",\"target\":[\"https:\/\/icatlax.edu.mx\/index.php\/principal\/\"]}]},{\"@type\":\"ImageObject\",\"inLanguage\":\"es\",\"@id\":\"https:\/\/icatlax.edu.mx\/index.php\/principal\/#primaryimage\",\"url\":\"https:\/\/icatlax.edu.mx\/wp-content\/uploads\/2021\/09\/colegio-3.png\",\"contentUrl\":\"https:\/\/icatlax.edu.mx\/wp-content\/uploads\/2021\/09\/colegio-3.png\",\"width\":128,\"height\":128},{\"@type\":\"BreadcrumbList\",\"@id\":\"https:\/\/icatlax.edu.mx\/index.php\/principal\/#breadcrumb\",\"itemListElement\":[{\"@type\":\"ListItem\",\"position\":1,\"name\":\"Inicio\",\"item\":\"https:\/\/icatlax.edu.mx\/\"},{\"@type\":\"ListItem\",\"position\":2,\"name\":\"principal\"}]},{\"@type\":\"WebSite\",\"@id\":\"https:\/\/icatlax.edu.mx\/#website\",\"url\":\"https:\/\/icatlax.edu.mx\/\",\"name\":\"ICATLAX\",\"description\":\"INSTITUTO DE CAPACITACI\u00d3N PARA EL TRABAJO DEL ESTADO DE TLAXCALA\",\"publisher\":{\"@id\":\"https:\/\/icatlax.edu.mx\/#organization\"},\"potentialAction\":[{\"@type\":\"SearchAction\",\"target\":{\"@type\":\"EntryPoint\",\"urlTemplate\":\"https:\/\/icatlax.edu.mx\/?s={search_term_string}\"},\"query-input\":{\"@type\":\"PropertyValueSpecification\",\"valueRequired\":true,\"valueName\":\"search_term_string\"}}],\"inLanguage\":\"es\"},{\"@type\":\"Organization\",\"@id\":\"https:\/\/icatlax.edu.mx\/#organization\",\"name\":\"ICATLAX\",\"url\":\"https:\/\/icatlax.edu.mx\/\",\"logo\":{\"@type\":\"ImageObject\",\"inLanguage\":\"es\",\"@id\":\"https:\/\/icatlax.edu.mx\/#\/schema\/logo\/image\/\",\"url\":\"https:\/\/icatlax.edu.mx\/wp-content\/uploads\/2021\/10\/cropped-cropped-ICATLAX-1.png\",\"contentUrl\":\"https:\/\/icatlax.edu.mx\/wp-content\/uploads\/2021\/10\/cropped-cropped-ICATLAX-1.png\",\"width\":2533,\"height\":597,\"caption\":\"ICATLAX\"},\"image\":{\"@id\":\"https:\/\/icatlax.edu.mx\/#\/schema\/logo\/image\/\"}}]}<\/script>\n<!-- \/ Yoast SEO plugin. -->","yoast_head_json":{"title":"principal - ICATLAX","robots":{"index":"index","follow":"follow","max-snippet":"max-snippet:-1","max-image-preview":"max-image-preview:large","max-video-preview":"max-video-preview:-1"},"canonical":"https:\/\/icatlax.edu.mx\/index.php\/principal\/","og_locale":"es_MX","og_type":"article","og_title":"principal - ICATLAX","og_description":"Servicios Unidades de Capacitaci\u00f3n Aqu\u00ed encontraras la informaci\u00f3n de nuestras unidades de capacitaci\u00f3n Cursos Aqu\u00ed encontraras los cursos que brindamos Nosotros Informaci\u00f3n sobre nosotros Actividades Realizadas INAUGURA IGNACIO L\u00d3PEZ S\u00c1NCHEZ PRIMER CURSO DE CAPACITACI\u00d3N A SERVIDORES P\u00daBLICOS MUNICIPALES DE TEXOLOC Icatlax Oct 11, 2021 ICATLAX &#8211; S\u00cdNTESIS Y PROCESADOS DE MEXICO Icatlax Oct 11, 2021 ICATLAX &#8211; COSSIES Icatlax Oct 08, 2021 Tweets by GobTlaxcala Aviso de privacidad Transparencia Cuenta P\u00fablica SIICAT SIIF C\u00f3digo de Conducta","og_url":"https:\/\/icatlax.edu.mx\/index.php\/principal\/","og_site_name":"ICATLAX","article_modified_time":"2021-10-15T18:00:43+00:00","og_image":[{"url":"https:\/\/icatlax.edu.mx\/wp-content\/uploads\/2021\/09\/colegio-3.png","type":"","width":"","height":""}],"twitter_card":"summary_large_image","twitter_misc":{"Tiempo de lectura":"2 minutos"},"schema":{"@context":"https:\/\/schema.org","@graph":[{"@type":"WebPage","@id":"https:\/\/icatlax.edu.mx\/index.php\/principal\/","url":"https:\/\/icatlax.edu.mx\/index.php\/principal\/","name":"principal - ICATLAX","isPartOf":{"@id":"https:\/\/icatlax.edu.mx\/#website"},"primaryImageOfPage":{"@id":"https:\/\/icatlax.edu.mx\/index.php\/principal\/#primaryimage"},"image":{"@id":"https:\/\/icatlax.edu.mx\/index.php\/principal\/#primaryimage"},"thumbnailUrl":"https:\/\/icatlax.edu.mx\/wp-content\/uploads\/2021\/09\/colegio-3.png","datePublished":"2021-09-28T19:35:22+00:00","dateModified":"2021-10-15T18:00:43+00:00","breadcrumb":{"@id":"https:\/\/icatlax.edu.mx\/index.php\/principal\/#breadcrumb"},"inLanguage":"es","potentialAction":[{"@type":"ReadAction","target":["https:\/\/icatlax.edu.mx\/index.php\/principal\/"]}]},{"@type":"ImageObject","inLanguage":"es","@id":"https:\/\/icatlax.edu.mx\/index.php\/principal\/#primaryimage","url":"https:\/\/icatlax.edu.mx\/wp-content\/uploads\/2021\/09\/colegio-3.png","contentUrl":"https:\/\/icatlax.edu.mx\/wp-content\/uploads\/2021\/09\/colegio-3.png","width":128,"height":128},{"@type":"BreadcrumbList","@id":"https:\/\/icatlax.edu.mx\/index.php\/principal\/#breadcrumb","itemListElement":[{"@type":"ListItem","position":1,"name":"Inicio","item":"https:\/\/icatlax.edu.mx\/"},{"@type":"ListItem","position":2,"name":"principal"}]},{"@type":"WebSite","@id":"https:\/\/icatlax.edu.mx\/#website","url":"https:\/\/icatlax.edu.mx\/","name":"ICATLAX","description":"INSTITUTO DE CAPACITACI\u00d3N PARA EL TRABAJO DEL ESTADO DE TLAXCALA","publisher":{"@id":"https:\/\/icatlax.edu.mx\/#organization"},"potentialAction":[{"@type":"SearchAction","target":{"@type":"EntryPoint","urlTemplate":"https:\/\/icatlax.edu.mx\/?s={search_term_string}"},"query-input":{"@type":"PropertyValueSpecification","valueRequired":true,"valueName":"search_term_string"}}],"inLanguage":"es"},{"@type":"Organization","@id":"https:\/\/icatlax.edu.mx\/#organization","name":"ICATLAX","url":"https:\/\/icatlax.edu.mx\/","logo":{"@type":"ImageObject","inLanguage":"es","@id":"https:\/\/icatlax.edu.mx\/#\/schema\/logo\/image\/","url":"https:\/\/icatlax.edu.mx\/wp-content\/uploads\/2021\/10\/cropped-cropped-ICATLAX-1.png","contentUrl":"https:\/\/icatlax.edu.mx\/wp-content\/uploads\/2021\/10\/cropped-cropped-ICATLAX-1.png","width":2533,"height":597,"caption":"ICATLAX"},"image":{"@id":"https:\/\/icatlax.edu.mx\/#\/schema\/logo\/image\/"}}]}},"_links":{"self":[{"href":"https:\/\/icatlax.edu.mx\/index.php\/wp-json\/wp\/v2\/pages\/335","targetHints":{"allow":["GET"]}}],"collection":[{"href":"https:\/\/icatlax.edu.mx\/index.php\/wp-json\/wp\/v2\/pages"}],"about":[{"href":"https:\/\/icatlax.edu.mx\/index.php\/wp-json\/wp\/v2\/types\/page"}],"author":[{"embeddable":true,"href":"https:\/\/icatlax.edu.mx\/index.php\/wp-json\/wp\/v2\/users\/1"}],"replies":[{"embeddable":true,"href":"https:\/\/icatlax.edu.mx\/index.php\/wp-json\/wp\/v2\/comments?post=335"}],"version-history":[{"count":45,"href":"https:\/\/icatlax.edu.mx\/index.php\/wp-json\/wp\/v2\/pages\/335\/revisions"}],"predecessor-version":[{"id":619,"href":"https:\/\/icatlax.edu.mx\/index.php\/wp-json\/wp\/v2\/pages\/335\/revisions\/619"}],"wp:attachment":[{"href":"https:\/\/icatlax.edu.mx\/index.php\/wp-json\/wp\/v2\/media?parent=335"}],"curies":[{"name":"wp","href":"https:\/\/api.w.org\/{rel}","templated":true}]}}