{"id":1798,"date":"2023-02-01T16:33:31","date_gmt":"2023-02-01T16:33:31","guid":{"rendered":"https:\/\/icatlax.edu.mx\/?page_id=1798"},"modified":"2023-03-22T16:09:20","modified_gmt":"2023-03-22T16:09:20","slug":"director-general-del-instituto-de-capacitacion-para-el-trabajo-del-estado-de-tlaxcala-icatlax","status":"publish","type":"page","link":"https:\/\/icatlax.edu.mx\/index.php\/director-general-del-instituto-de-capacitacion-para-el-trabajo-del-estado-de-tlaxcala-icatlax\/","title":{"rendered":"<strong>Director General del Instituto de Capacitaci\u00f3n para el Trabajo del Estado de Tlaxcala (ICATLAX)<\/strong>"},"content":{"rendered":"\t\t<div data-elementor-type=\"wp-page\" data-elementor-id=\"1798\" class=\"elementor elementor-1798\">\n\t\t\t\t\t\t<section class=\"elementor-section elementor-top-section elementor-element elementor-element-631308a6 elementor-section-boxed elementor-section-height-default elementor-section-height-default wpr-particle-no wpr-jarallax-no wpr-parallax-no wpr-sticky-section-no\" data-id=\"631308a6\" data-element_type=\"section\">\n\t\t\t\t\t\t<div class=\"elementor-container elementor-column-gap-default\">\n\t\t\t\t\t<div class=\"elementor-column elementor-col-100 elementor-top-column elementor-element elementor-element-3e1629c0\" data-id=\"3e1629c0\" data-element_type=\"column\">\n\t\t\t<div class=\"elementor-widget-wrap elementor-element-populated\">\n\t\t\t\t\t\t<div class=\"elementor-element elementor-element-7e8d91a9 elementor-widget elementor-widget-text-editor\" data-id=\"7e8d91a9\" data-element_type=\"widget\" data-widget_type=\"text-editor.default\">\n\t\t\t\t<div class=\"elementor-widget-container\">\n\t\t\t\t\t\t\t\t\t<p><\/p>\n<h2 class=\"has-text-align-center wp-block-heading\">Juan Manuel Lemus P\u00e9rez<br \/><strong><br \/>Director General del Instituto de Capacitaci\u00f3n para el Trabajo del Estado de Tlaxcala (ICATLAX)<\/strong><\/h2>\n<p><\/p>\n<p><\/p>\n<figure class=\"wp-block-image size-large\"><img decoding=\"async\" class=\"wp-image-1799\" src=\"https:\/\/icatlax.edu.mx\/wp-content\/uploads\/2023\/02\/MG_98461-1024x636.jpg\" alt=\"\" \/><\/figure>\n<p><\/p>\n<p style=\"text-align: justify;\"><span style=\"font-family: 'Sofia Pro Light', sans-serif; background-color: var(--bs-primary-light); font-style: inherit; text-transform: inherit;\">Es Contador P\u00fablico y Auditor egresado por la Benem\u00e9rita Universidad Aut\u00f3noma de\u00a0<\/span><span style=\"font-family: 'Sofia Pro Light', sans-serif; background-color: var(--bs-primary-light); font-style: inherit; text-transform: inherit;\">Puebla. Cuenta con una especialidad en Derecho Fiscal por la BUAP y una\u00a0<\/span><span style=\"font-family: 'Sofia Pro Light', sans-serif; background-color: var(--bs-primary-light); font-style: inherit; text-transform: inherit;\">maestr\u00eda en Derecho Fiscal por la Universidad Aut\u00f3noma de Tlaxcala (UATx).<\/span><\/p>\n<p><!-- \/wp:paragraph --><!-- wp:paragraph --><\/p>\n<p style=\"text-align: justify;\"><span style=\"font-family: 'Sofia Pro Light',sans-serif;\">Ha desempe\u00f1ado diversos cargos en el sector p\u00fablico. <\/span><\/p>\n<p style=\"text-align: justify;\"><span style=\"font-family: 'Sofia Pro Light',sans-serif;\"><b>1996<\/b> Representante financiero de la Dirigencia Nacional Juvenil de FJR.<\/span><\/p>\n<p style=\"text-align: justify;\"><span style=\"font-family: 'Sofia Pro Light',sans-serif;\"><b>1997<\/b> Representante financiero en campa\u00f1as pol\u00edticas locales y federales.\u00a0<\/span><\/p>\n<p style=\"text-align: justify;\"><span style=\"font-family: 'Sofia Pro Light',sans-serif;\"><b>2002 \u2013 2003<\/b> Director de Egresos del Municipio de Tlaxcala.<\/span><\/p>\n<p style=\"text-align: justify;\"><span style=\"font-family: 'Sofia Pro Light',sans-serif;\"><b>2004<\/b>\u00a0 Contador general de la Universidad Aut\u00f3noma de Tlaxcala.<\/span><\/p>\n<p style=\"text-align: left;\"><span style=\"font-family: 'Sofia Pro Light',sans-serif;\"><b>2005 &#8211; 2009<\/b> Director de Presupuesto y Egresos de la Secretar\u00eda de Finanzas del Gobierno del Estado de Tlaxcala y Representante del Poder Ejecutivo en Materia de Finanzas P\u00fablicas ante el H. Congreso del Estado de Tlaxcala.<\/span><\/p>\n<p style=\"text-align: justify;\"><span style=\"font-family: 'Sofia Pro Light',sans-serif;\"><b>2011<\/b> Asesor financiero del despacho del Gobernador del Estado de Tlaxcala.<\/span><\/p>\n<p style=\"text-align: justify;\"><span style=\"font-family: 'Sofia Pro Light',sans-serif;\"><b>2012<\/b> Asesor en Finanzas P\u00fablicas de la Secretar\u00eda de Infraestructura<\/span><span style=\"font-family: 'Calibri',sans-serif;\"> en<\/span><span style=\"font-family: 'Sofia Pro Light',sans-serif;\"> el Gobierno del Estado de Puebla.<\/span><\/p>\n<p style=\"text-align: justify;\"><span style=\"font-family: 'Sofia Pro Light',sans-serif;\"><b>2013 \u2013 2014<\/b> Subdirector de Administraci\u00f3n en la Secretar\u00eda de Comunicaciones y Transportes Federal Delegaci\u00f3n Baja California Sur.<\/span><\/p>\n<p style=\"text-align: justify;\"><span style=\"font-family: 'Sofia Pro Light',sans-serif;\"><b>2015 \u2013 2021<\/b> Vicepresidente Nacional y Consultor para Gobiernos Estatales y Municipios<\/span><span style=\"font-family: 'Calibri',sans-serif;\"> en<\/span><span style=\"font-family: 'Sofia Pro Light',sans-serif;\"> la Asociaci<\/span><span style=\"font-family: 'Sofia Pro Light',sans-serif; mso-bidi-font-family: 'Sofia Pro Light';\">\u00f3<\/span><span style=\"font-family: 'Sofia Pro Light',sans-serif;\">n Mexicana de Gasto P<\/span><span style=\"font-family: 'Sofia Pro Light',sans-serif; mso-bidi-font-family: 'Sofia Pro Light';\">\u00fa<\/span><span style=\"font-family: 'Sofia Pro Light',sans-serif;\">blico.<\/span><\/p>\n<p style=\"text-align: justify;\"><span style=\"font-family: 'Sofia Pro Light',sans-serif;\"><b>2021<\/b> Asesor en finanzas p\u00fablicas en el despacho de la Gobernadora del Estado de Tlaxcala.<\/span><\/p>\n<p style=\"text-align: justify;\"><span style=\"font-family: 'Sofia Pro Light',sans-serif;\"><b>2022<\/b> <b>a la fecha<\/b> Director General del Instituto de Capacitaci\u00f3n para el Trabajo del Estado de Tlaxcala.<\/span><\/p>\n<p style=\"text-align: justify;\"><span style=\"font-family: 'Sofia Pro Light',sans-serif;\">Dentro de la iniciativa privada ha colaborado con distintas empresas en el \u00e1mbito financiero, fiscal, de seguridad social y auditor\u00eda.<\/span><\/p>\n<p><!-- \/wp:paragraph --><!-- wp:paragraph --><\/p>\n<p style=\"text-align: justify;\"><span style=\"font-family: 'Sofia Pro Light',sans-serif;\">Se ha desempe\u00f1ado como catedr\u00e1tico en la Universidad Popular Aut\u00f3noma de Puebla (UPAEP), Universidad del Altiplano (UDA), Facultad Libre de Derecho de Tlaxcala y Universidad Aut\u00f3noma de Tlaxcala (UATx).<\/span><\/p>\n<p><!-- \/wp:paragraph --><!-- wp:paragraph --><\/p>\n<p style=\"text-align: justify;\"><span style=\"font-family: 'Sofia Pro Light',sans-serif;\">Ha tomado constantes capacitaciones en materia de planeaci\u00f3n, programaci\u00f3n, presupuesto, ejercicio y control del gasto, tesorer\u00eda, contabilidad y rendici\u00f3n de cuentas, transparencia en el ejercicio de los recursos p\u00fablicos, evaluaci\u00f3n del desempe\u00f1o en base al presupuesto basado en resultados y fiscalizaci\u00f3n de cuentas p\u00fablicas.\u00a0<\/span><\/p>\n<p style=\"text-align: justify;\"><span style=\"font-family: 'Sofia Pro Light',sans-serif;\">Es miembro fundador del Consejo Nacional de Armonizaci\u00f3n Contable, representando al Estado de Tlaxcala.<\/span><\/p>\n<p><!-- \/wp:paragraph --><\/p>\n<p class=\"MsoNormal\" style=\"text-align: justify;\">\u00a0<\/p>\t\t\t\t\t\t\t\t<\/div>\n\t\t\t\t<\/div>\n\t\t\t\t\t<\/div>\n\t\t<\/div>\n\t\t\t\t\t<\/div>\n\t\t<\/section>\n\t\t\t\t<\/div>\n\t\t","protected":false},"excerpt":{"rendered":"<p>Juan Manuel Lemus P\u00e9rezDirector General del Instituto de Capacitaci\u00f3n para el Trabajo del Estado de Tlaxcala (ICATLAX) Es Contador P\u00fablico y Auditor egresado por la Benem\u00e9rita Universidad Aut\u00f3noma de\u00a0Puebla. Cuenta con una especialidad en Derecho Fiscal por la BUAP y una\u00a0maestr\u00eda en Derecho Fiscal por la Universidad Aut\u00f3noma de Tlaxcala (UATx). Ha desempe\u00f1ado diversos cargos en el sector p\u00fablico. 1996 Representante financiero de la Dirigencia Nacional Juvenil de FJR. 1997 Representante financiero en campa\u00f1as pol\u00edticas locales y federales.\u00a0 2002 \u2013 2003 Director de Egresos del Municipio de Tlaxcala. 2004\u00a0 Contador general de la Universidad Aut\u00f3noma de Tlaxcala. 2005 &#8211; 2009 Director de Presupuesto y Egresos de la Secretar\u00eda de Finanzas del Gobierno del Estado de Tlaxcala y Representante del Poder Ejecutivo en Materia de Finanzas P\u00fablicas ante el H. Congreso del Estado de Tlaxcala. 2011 Asesor financiero del despacho del Gobernador del Estado de Tlaxcala. 2012 Asesor en Finanzas P\u00fablicas de la Secretar\u00eda de Infraestructura en el Gobierno del Estado de Puebla. 2013 \u2013 2014 Subdirector de Administraci\u00f3n en la Secretar\u00eda de Comunicaciones y Transportes Federal Delegaci\u00f3n Baja California Sur. 2015 \u2013 2021 Vicepresidente Nacional y Consultor para Gobiernos Estatales y Municipios en la Asociaci\u00f3n Mexicana de Gasto P\u00fablico. 2021 Asesor en finanzas p\u00fablicas en el despacho de la Gobernadora del Estado de Tlaxcala. 2022 a la fecha Director General del Instituto de Capacitaci\u00f3n para el Trabajo del Estado de Tlaxcala. Dentro de la iniciativa privada ha colaborado con distintas empresas en el \u00e1mbito financiero, fiscal, de seguridad social y auditor\u00eda. Se ha desempe\u00f1ado como catedr\u00e1tico en la Universidad Popular Aut\u00f3noma de Puebla (UPAEP), Universidad del Altiplano (UDA), Facultad Libre de Derecho de Tlaxcala y Universidad Aut\u00f3noma de Tlaxcala (UATx). Ha tomado constantes capacitaciones en materia de planeaci\u00f3n, programaci\u00f3n, presupuesto, ejercicio y control del gasto, tesorer\u00eda, contabilidad y rendici\u00f3n de cuentas, transparencia en el ejercicio de los recursos p\u00fablicos, evaluaci\u00f3n del desempe\u00f1o en base al presupuesto basado en resultados y fiscalizaci\u00f3n de cuentas p\u00fablicas.\u00a0 Es miembro fundador del Consejo Nacional de Armonizaci\u00f3n Contable, representando al Estado de Tlaxcala. \u00a0<\/p>\n","protected":false},"author":1,"featured_media":0,"parent":0,"menu_order":0,"comment_status":"closed","ping_status":"closed","template":"","meta":{"footnotes":""},"class_list":["post-1798","page","type-page","status-publish","hentry"],"yoast_head":"<!-- This site is optimized with the Yoast SEO plugin v25.3 - https:\/\/yoast.com\/wordpress\/plugins\/seo\/ -->\n<title>Director General del Instituto de Capacitaci\u00f3n para el Trabajo del Estado de Tlaxcala (ICATLAX) - ICATLAX<\/title>\n<meta name=\"robots\" content=\"index, follow, max-snippet:-1, max-image-preview:large, max-video-preview:-1\" \/>\n<link rel=\"canonical\" href=\"https:\/\/icatlax.edu.mx\/index.php\/director-general-del-instituto-de-capacitacion-para-el-trabajo-del-estado-de-tlaxcala-icatlax\/\" \/>\n<meta property=\"og:locale\" content=\"es_MX\" \/>\n<meta property=\"og:type\" content=\"article\" \/>\n<meta property=\"og:title\" content=\"Director General del Instituto de Capacitaci\u00f3n para el Trabajo del Estado de Tlaxcala (ICATLAX) - ICATLAX\" \/>\n<meta property=\"og:description\" content=\"Juan Manuel Lemus P\u00e9rezDirector General del Instituto de Capacitaci\u00f3n para el Trabajo del Estado de Tlaxcala (ICATLAX) Es Contador P\u00fablico y Auditor egresado por la Benem\u00e9rita Universidad Aut\u00f3noma de\u00a0Puebla. Cuenta con una especialidad en Derecho Fiscal por la BUAP y una\u00a0maestr\u00eda en Derecho Fiscal por la Universidad Aut\u00f3noma de Tlaxcala (UATx). Ha desempe\u00f1ado diversos cargos en el sector p\u00fablico. 1996 Representante financiero de la Dirigencia Nacional Juvenil de FJR. 1997 Representante financiero en campa\u00f1as pol\u00edticas locales y federales.\u00a0 2002 \u2013 2003 Director de Egresos del Municipio de Tlaxcala. 2004\u00a0 Contador general de la Universidad Aut\u00f3noma de Tlaxcala. 2005 &#8211; 2009 Director de Presupuesto y Egresos de la Secretar\u00eda de Finanzas del Gobierno del Estado de Tlaxcala y Representante del Poder Ejecutivo en Materia de Finanzas P\u00fablicas ante el H. Congreso del Estado de Tlaxcala. 2011 Asesor financiero del despacho del Gobernador del Estado de Tlaxcala. 2012 Asesor en Finanzas P\u00fablicas de la Secretar\u00eda de Infraestructura en el Gobierno del Estado de Puebla. 2013 \u2013 2014 Subdirector de Administraci\u00f3n en la Secretar\u00eda de Comunicaciones y Transportes Federal Delegaci\u00f3n Baja California Sur. 2015 \u2013 2021 Vicepresidente Nacional y Consultor para Gobiernos Estatales y Municipios en la Asociaci\u00f3n Mexicana de Gasto P\u00fablico. 2021 Asesor en finanzas p\u00fablicas en el despacho de la Gobernadora del Estado de Tlaxcala. 2022 a la fecha Director General del Instituto de Capacitaci\u00f3n para el Trabajo del Estado de Tlaxcala. Dentro de la iniciativa privada ha colaborado con distintas empresas en el \u00e1mbito financiero, fiscal, de seguridad social y auditor\u00eda. Se ha desempe\u00f1ado como catedr\u00e1tico en la Universidad Popular Aut\u00f3noma de Puebla (UPAEP), Universidad del Altiplano (UDA), Facultad Libre de Derecho de Tlaxcala y Universidad Aut\u00f3noma de Tlaxcala (UATx). Ha tomado constantes capacitaciones en materia de planeaci\u00f3n, programaci\u00f3n, presupuesto, ejercicio y control del gasto, tesorer\u00eda, contabilidad y rendici\u00f3n de cuentas, transparencia en el ejercicio de los recursos p\u00fablicos, evaluaci\u00f3n del desempe\u00f1o en base al presupuesto basado en resultados y fiscalizaci\u00f3n de cuentas p\u00fablicas.\u00a0 Es miembro fundador del Consejo Nacional de Armonizaci\u00f3n Contable, representando al Estado de Tlaxcala. \u00a0\" \/>\n<meta property=\"og:url\" content=\"https:\/\/icatlax.edu.mx\/index.php\/director-general-del-instituto-de-capacitacion-para-el-trabajo-del-estado-de-tlaxcala-icatlax\/\" \/>\n<meta property=\"og:site_name\" content=\"ICATLAX\" \/>\n<meta property=\"article:modified_time\" content=\"2023-03-22T16:09:20+00:00\" \/>\n<meta property=\"og:image\" content=\"https:\/\/icatlax.edu.mx\/wp-content\/uploads\/2023\/02\/MG_98461-1024x636.jpg\" \/>\n<meta name=\"twitter:card\" content=\"summary_large_image\" \/>\n<meta name=\"twitter:label1\" content=\"Tiempo de lectura\" \/>\n\t<meta name=\"twitter:data1\" content=\"2 minutos\" \/>\n<script type=\"application\/ld+json\" class=\"yoast-schema-graph\">{\"@context\":\"https:\/\/schema.org\",\"@graph\":[{\"@type\":\"WebPage\",\"@id\":\"https:\/\/icatlax.edu.mx\/index.php\/director-general-del-instituto-de-capacitacion-para-el-trabajo-del-estado-de-tlaxcala-icatlax\/\",\"url\":\"https:\/\/icatlax.edu.mx\/index.php\/director-general-del-instituto-de-capacitacion-para-el-trabajo-del-estado-de-tlaxcala-icatlax\/\",\"name\":\"Director General del Instituto de Capacitaci\u00f3n para el Trabajo del Estado de Tlaxcala (ICATLAX) - ICATLAX\",\"isPartOf\":{\"@id\":\"https:\/\/icatlax.edu.mx\/#website\"},\"primaryImageOfPage\":{\"@id\":\"https:\/\/icatlax.edu.mx\/index.php\/director-general-del-instituto-de-capacitacion-para-el-trabajo-del-estado-de-tlaxcala-icatlax\/#primaryimage\"},\"image\":{\"@id\":\"https:\/\/icatlax.edu.mx\/index.php\/director-general-del-instituto-de-capacitacion-para-el-trabajo-del-estado-de-tlaxcala-icatlax\/#primaryimage\"},\"thumbnailUrl\":\"https:\/\/icatlax.edu.mx\/wp-content\/uploads\/2023\/02\/MG_98461-1024x636.jpg\",\"datePublished\":\"2023-02-01T16:33:31+00:00\",\"dateModified\":\"2023-03-22T16:09:20+00:00\",\"breadcrumb\":{\"@id\":\"https:\/\/icatlax.edu.mx\/index.php\/director-general-del-instituto-de-capacitacion-para-el-trabajo-del-estado-de-tlaxcala-icatlax\/#breadcrumb\"},\"inLanguage\":\"es\",\"potentialAction\":[{\"@type\":\"ReadAction\",\"target\":[\"https:\/\/icatlax.edu.mx\/index.php\/director-general-del-instituto-de-capacitacion-para-el-trabajo-del-estado-de-tlaxcala-icatlax\/\"]}]},{\"@type\":\"ImageObject\",\"inLanguage\":\"es\",\"@id\":\"https:\/\/icatlax.edu.mx\/index.php\/director-general-del-instituto-de-capacitacion-para-el-trabajo-del-estado-de-tlaxcala-icatlax\/#primaryimage\",\"url\":\"https:\/\/icatlax.edu.mx\/wp-content\/uploads\/2023\/02\/MG_98461-1024x636.jpg\",\"contentUrl\":\"https:\/\/icatlax.edu.mx\/wp-content\/uploads\/2023\/02\/MG_98461-1024x636.jpg\"},{\"@type\":\"BreadcrumbList\",\"@id\":\"https:\/\/icatlax.edu.mx\/index.php\/director-general-del-instituto-de-capacitacion-para-el-trabajo-del-estado-de-tlaxcala-icatlax\/#breadcrumb\",\"itemListElement\":[{\"@type\":\"ListItem\",\"position\":1,\"name\":\"Inicio\",\"item\":\"https:\/\/icatlax.edu.mx\/\"},{\"@type\":\"ListItem\",\"position\":2,\"name\":\"Director General del Instituto de Capacitaci\u00f3n para el Trabajo del Estado de Tlaxcala (ICATLAX)\"}]},{\"@type\":\"WebSite\",\"@id\":\"https:\/\/icatlax.edu.mx\/#website\",\"url\":\"https:\/\/icatlax.edu.mx\/\",\"name\":\"ICATLAX\",\"description\":\"INSTITUTO DE CAPACITACI\u00d3N PARA EL TRABAJO DEL ESTADO DE TLAXCALA\",\"publisher\":{\"@id\":\"https:\/\/icatlax.edu.mx\/#organization\"},\"potentialAction\":[{\"@type\":\"SearchAction\",\"target\":{\"@type\":\"EntryPoint\",\"urlTemplate\":\"https:\/\/icatlax.edu.mx\/?s={search_term_string}\"},\"query-input\":{\"@type\":\"PropertyValueSpecification\",\"valueRequired\":true,\"valueName\":\"search_term_string\"}}],\"inLanguage\":\"es\"},{\"@type\":\"Organization\",\"@id\":\"https:\/\/icatlax.edu.mx\/#organization\",\"name\":\"ICATLAX\",\"url\":\"https:\/\/icatlax.edu.mx\/\",\"logo\":{\"@type\":\"ImageObject\",\"inLanguage\":\"es\",\"@id\":\"https:\/\/icatlax.edu.mx\/#\/schema\/logo\/image\/\",\"url\":\"https:\/\/icatlax.edu.mx\/wp-content\/uploads\/2021\/10\/cropped-cropped-ICATLAX-1.png\",\"contentUrl\":\"https:\/\/icatlax.edu.mx\/wp-content\/uploads\/2021\/10\/cropped-cropped-ICATLAX-1.png\",\"width\":2533,\"height\":597,\"caption\":\"ICATLAX\"},\"image\":{\"@id\":\"https:\/\/icatlax.edu.mx\/#\/schema\/logo\/image\/\"}}]}<\/script>\n<!-- \/ Yoast SEO plugin. -->","yoast_head_json":{"title":"Director General del Instituto de Capacitaci\u00f3n para el Trabajo del Estado de Tlaxcala (ICATLAX) - ICATLAX","robots":{"index":"index","follow":"follow","max-snippet":"max-snippet:-1","max-image-preview":"max-image-preview:large","max-video-preview":"max-video-preview:-1"},"canonical":"https:\/\/icatlax.edu.mx\/index.php\/director-general-del-instituto-de-capacitacion-para-el-trabajo-del-estado-de-tlaxcala-icatlax\/","og_locale":"es_MX","og_type":"article","og_title":"Director General del Instituto de Capacitaci\u00f3n para el Trabajo del Estado de Tlaxcala (ICATLAX) - ICATLAX","og_description":"Juan Manuel Lemus P\u00e9rezDirector General del Instituto de Capacitaci\u00f3n para el Trabajo del Estado de Tlaxcala (ICATLAX) Es Contador P\u00fablico y Auditor egresado por la Benem\u00e9rita Universidad Aut\u00f3noma de\u00a0Puebla. Cuenta con una especialidad en Derecho Fiscal por la BUAP y una\u00a0maestr\u00eda en Derecho Fiscal por la Universidad Aut\u00f3noma de Tlaxcala (UATx). Ha desempe\u00f1ado diversos cargos en el sector p\u00fablico. 1996 Representante financiero de la Dirigencia Nacional Juvenil de FJR. 1997 Representante financiero en campa\u00f1as pol\u00edticas locales y federales.\u00a0 2002 \u2013 2003 Director de Egresos del Municipio de Tlaxcala. 2004\u00a0 Contador general de la Universidad Aut\u00f3noma de Tlaxcala. 2005 &#8211; 2009 Director de Presupuesto y Egresos de la Secretar\u00eda de Finanzas del Gobierno del Estado de Tlaxcala y Representante del Poder Ejecutivo en Materia de Finanzas P\u00fablicas ante el H. Congreso del Estado de Tlaxcala. 2011 Asesor financiero del despacho del Gobernador del Estado de Tlaxcala. 2012 Asesor en Finanzas P\u00fablicas de la Secretar\u00eda de Infraestructura en el Gobierno del Estado de Puebla. 2013 \u2013 2014 Subdirector de Administraci\u00f3n en la Secretar\u00eda de Comunicaciones y Transportes Federal Delegaci\u00f3n Baja California Sur. 2015 \u2013 2021 Vicepresidente Nacional y Consultor para Gobiernos Estatales y Municipios en la Asociaci\u00f3n Mexicana de Gasto P\u00fablico. 2021 Asesor en finanzas p\u00fablicas en el despacho de la Gobernadora del Estado de Tlaxcala. 2022 a la fecha Director General del Instituto de Capacitaci\u00f3n para el Trabajo del Estado de Tlaxcala. Dentro de la iniciativa privada ha colaborado con distintas empresas en el \u00e1mbito financiero, fiscal, de seguridad social y auditor\u00eda. Se ha desempe\u00f1ado como catedr\u00e1tico en la Universidad Popular Aut\u00f3noma de Puebla (UPAEP), Universidad del Altiplano (UDA), Facultad Libre de Derecho de Tlaxcala y Universidad Aut\u00f3noma de Tlaxcala (UATx). Ha tomado constantes capacitaciones en materia de planeaci\u00f3n, programaci\u00f3n, presupuesto, ejercicio y control del gasto, tesorer\u00eda, contabilidad y rendici\u00f3n de cuentas, transparencia en el ejercicio de los recursos p\u00fablicos, evaluaci\u00f3n del desempe\u00f1o en base al presupuesto basado en resultados y fiscalizaci\u00f3n de cuentas p\u00fablicas.\u00a0 Es miembro fundador del Consejo Nacional de Armonizaci\u00f3n Contable, representando al Estado de Tlaxcala. \u00a0","og_url":"https:\/\/icatlax.edu.mx\/index.php\/director-general-del-instituto-de-capacitacion-para-el-trabajo-del-estado-de-tlaxcala-icatlax\/","og_site_name":"ICATLAX","article_modified_time":"2023-03-22T16:09:20+00:00","og_image":[{"url":"https:\/\/icatlax.edu.mx\/wp-content\/uploads\/2023\/02\/MG_98461-1024x636.jpg","type":"","width":"","height":""}],"twitter_card":"summary_large_image","twitter_misc":{"Tiempo de lectura":"2 minutos"},"schema":{"@context":"https:\/\/schema.org","@graph":[{"@type":"WebPage","@id":"https:\/\/icatlax.edu.mx\/index.php\/director-general-del-instituto-de-capacitacion-para-el-trabajo-del-estado-de-tlaxcala-icatlax\/","url":"https:\/\/icatlax.edu.mx\/index.php\/director-general-del-instituto-de-capacitacion-para-el-trabajo-del-estado-de-tlaxcala-icatlax\/","name":"Director General del Instituto de Capacitaci\u00f3n para el Trabajo del Estado de Tlaxcala (ICATLAX) - ICATLAX","isPartOf":{"@id":"https:\/\/icatlax.edu.mx\/#website"},"primaryImageOfPage":{"@id":"https:\/\/icatlax.edu.mx\/index.php\/director-general-del-instituto-de-capacitacion-para-el-trabajo-del-estado-de-tlaxcala-icatlax\/#primaryimage"},"image":{"@id":"https:\/\/icatlax.edu.mx\/index.php\/director-general-del-instituto-de-capacitacion-para-el-trabajo-del-estado-de-tlaxcala-icatlax\/#primaryimage"},"thumbnailUrl":"https:\/\/icatlax.edu.mx\/wp-content\/uploads\/2023\/02\/MG_98461-1024x636.jpg","datePublished":"2023-02-01T16:33:31+00:00","dateModified":"2023-03-22T16:09:20+00:00","breadcrumb":{"@id":"https:\/\/icatlax.edu.mx\/index.php\/director-general-del-instituto-de-capacitacion-para-el-trabajo-del-estado-de-tlaxcala-icatlax\/#breadcrumb"},"inLanguage":"es","potentialAction":[{"@type":"ReadAction","target":["https:\/\/icatlax.edu.mx\/index.php\/director-general-del-instituto-de-capacitacion-para-el-trabajo-del-estado-de-tlaxcala-icatlax\/"]}]},{"@type":"ImageObject","inLanguage":"es","@id":"https:\/\/icatlax.edu.mx\/index.php\/director-general-del-instituto-de-capacitacion-para-el-trabajo-del-estado-de-tlaxcala-icatlax\/#primaryimage","url":"https:\/\/icatlax.edu.mx\/wp-content\/uploads\/2023\/02\/MG_98461-1024x636.jpg","contentUrl":"https:\/\/icatlax.edu.mx\/wp-content\/uploads\/2023\/02\/MG_98461-1024x636.jpg"},{"@type":"BreadcrumbList","@id":"https:\/\/icatlax.edu.mx\/index.php\/director-general-del-instituto-de-capacitacion-para-el-trabajo-del-estado-de-tlaxcala-icatlax\/#breadcrumb","itemListElement":[{"@type":"ListItem","position":1,"name":"Inicio","item":"https:\/\/icatlax.edu.mx\/"},{"@type":"ListItem","position":2,"name":"Director General del Instituto de Capacitaci\u00f3n para el Trabajo del Estado de Tlaxcala (ICATLAX)"}]},{"@type":"WebSite","@id":"https:\/\/icatlax.edu.mx\/#website","url":"https:\/\/icatlax.edu.mx\/","name":"ICATLAX","description":"INSTITUTO DE CAPACITACI\u00d3N PARA EL TRABAJO DEL ESTADO DE TLAXCALA","publisher":{"@id":"https:\/\/icatlax.edu.mx\/#organization"},"potentialAction":[{"@type":"SearchAction","target":{"@type":"EntryPoint","urlTemplate":"https:\/\/icatlax.edu.mx\/?s={search_term_string}"},"query-input":{"@type":"PropertyValueSpecification","valueRequired":true,"valueName":"search_term_string"}}],"inLanguage":"es"},{"@type":"Organization","@id":"https:\/\/icatlax.edu.mx\/#organization","name":"ICATLAX","url":"https:\/\/icatlax.edu.mx\/","logo":{"@type":"ImageObject","inLanguage":"es","@id":"https:\/\/icatlax.edu.mx\/#\/schema\/logo\/image\/","url":"https:\/\/icatlax.edu.mx\/wp-content\/uploads\/2021\/10\/cropped-cropped-ICATLAX-1.png","contentUrl":"https:\/\/icatlax.edu.mx\/wp-content\/uploads\/2021\/10\/cropped-cropped-ICATLAX-1.png","width":2533,"height":597,"caption":"ICATLAX"},"image":{"@id":"https:\/\/icatlax.edu.mx\/#\/schema\/logo\/image\/"}}]}},"_links":{"self":[{"href":"https:\/\/icatlax.edu.mx\/index.php\/wp-json\/wp\/v2\/pages\/1798","targetHints":{"allow":["GET"]}}],"collection":[{"href":"https:\/\/icatlax.edu.mx\/index.php\/wp-json\/wp\/v2\/pages"}],"about":[{"href":"https:\/\/icatlax.edu.mx\/index.php\/wp-json\/wp\/v2\/types\/page"}],"author":[{"embeddable":true,"href":"https:\/\/icatlax.edu.mx\/index.php\/wp-json\/wp\/v2\/users\/1"}],"replies":[{"embeddable":true,"href":"https:\/\/icatlax.edu.mx\/index.php\/wp-json\/wp\/v2\/comments?post=1798"}],"version-history":[{"count":27,"href":"https:\/\/icatlax.edu.mx\/index.php\/wp-json\/wp\/v2\/pages\/1798\/revisions"}],"predecessor-version":[{"id":1837,"href":"https:\/\/icatlax.edu.mx\/index.php\/wp-json\/wp\/v2\/pages\/1798\/revisions\/1837"}],"wp:attachment":[{"href":"https:\/\/icatlax.edu.mx\/index.php\/wp-json\/wp\/v2\/media?parent=1798"}],"curies":[{"name":"wp","href":"https:\/\/api.w.org\/{rel}","templated":true}]}}