{"id":14,"date":"2021-09-02T18:30:36","date_gmt":"2021-09-02T18:30:36","guid":{"rendered":"https:\/\/icatlax.edu.mx\/?page_id=14"},"modified":"2024-11-04T19:40:19","modified_gmt":"2024-11-04T19:40:19","slug":"contacto","status":"publish","type":"page","link":"https:\/\/icatlax.edu.mx\/index.php\/contacto\/","title":{"rendered":"Contacto"},"content":{"rendered":"\n<div class=\"wp-block-columns alignfull is-layout-flex wp-container-core-columns-is-layout-28f84493 wp-block-columns-is-layout-flex\">\n<div class=\"wp-block-column is-layout-flow wp-block-column-is-layout-flow\">\n<div style=\"width: 100%\"><iframe width=\"100%\" height=\"400\" frameborder=\"0\" scrolling=\"no\" marginheight=\"0\" marginwidth=\"0\" src=\"https:\/\/www.google.com\/maps\/embed?pb=!1m18!1m12!1m3!1d3764.9275415790366!2d-98.21902858463083!3d19.32895024899438!2m3!1f0!2f0!3f0!3m2!1i1024!2i768!4f13.1!3m3!1m2!1s0x85cfded473e30307%3A0xde3f641cccad1ccf!2sSepuede%20Icatlax!5e0!3m2!1ses-419!2smx!4v1630957214530!5m2!1ses-419!2smx\"><\/iframe><\/div>\n\n\n\n<p><\/p>\n<\/div>\n<\/div>\n\n\n\n<div class=\"wp-block-columns container is-layout-flex wp-container-core-columns-is-layout-28f84493 wp-block-columns-is-layout-flex\">\n<div class=\"wp-block-column is-vertically-aligned-center is-layout-flow wp-block-column-is-layout-flow\"><\/div>\n\n\n\n<div class=\"wp-block-column is-vertically-aligned-center is-layout-flow wp-block-column-is-layout-flow\">\n<div class=\"wp-block-columns is-layout-flex wp-container-core-columns-is-layout-28f84493 wp-block-columns-is-layout-flex\">\n<div class=\"wp-block-column is-layout-flow wp-block-column-is-layout-flow\" style=\"flex-basis:50%\">\n<div class=\"wp-block-buttons is-layout-flex wp-block-buttons-is-layout-flex\">\n<div class=\"wp-block-button\"><a class=\"wp-block-button__link has-white-color has-black-background-color has-text-color has-background wp-element-button\" href=\"https:\/\/icatlax.edu.mx\/index.php\/directorio-institucionales\/\">Directorio Institucional<\/a><\/div>\n<\/div>\n\n\n\n<p class=\"has-black-color has-text-color has-medium-font-size\"><strong>Direcci\u00f3n <\/strong><\/p>\n\n\n\n<p class=\"has-black-color has-text-color\" style=\"font-size:15px\"><strong>Antiguo Camino Real s\/n Interior Jard\u00edn Bot\u00e1nico de Tizatl\u00e1n, Tlaxcala, Tlax., C.P. 90100<\/strong><\/p>\n\n\n\n<h4 class=\"wp-block-heading has-text-align-left hestia-title has-header-gradient-color has-text-color has-medium-font-size\"><img decoding=\"async\" class=\"email.png\" style=\"width: 25px;\" src=\"https:\/\/icatlax.edu.mx\/wp-content\/themes\/hestia\/assets\/img\/email.png\" alt=\"\">  <\/h4>\n\n\n\n<p class=\"has-black-color has-text-color has-medium-font-size\"><strong>Tel\u00e9fono <\/strong><\/p>\n\n\n\n<p class=\"has-text-align-left has-black-color has-text-color\" style=\"font-size:15px\"><strong>246  689 3858<\/strong> <\/p>\n\n\n\n<h4 class=\"wp-block-heading has-text-align-left hestia-title has-header-gradient-color has-text-color has-medium-font-size\"><img decoding=\"async\" class=\"email.png\" style=\"width: 25px;\" src=\"https:\/\/icatlax.edu.mx\/wp-content\/themes\/hestia\/assets\/img\/email.png\" alt=\"\">  <\/h4>\n\n\n\n<p class=\"has-black-color has-text-color has-medium-font-size\"><strong>Correo <\/strong><\/p>\n\n\n\n<p class=\"has-text-align-left has-black-color has-text-color\" style=\"font-size:15px\"><strong>direcciongeneral@icatlax.edu.mx<\/strong><\/p>\n\n\n\n<h4 class=\"wp-block-heading has-text-align-left hestia-title has-header-gradient-color has-text-color has-medium-font-size\"><img decoding=\"async\" class=\"email.png\" style=\"width: 25px;\" src=\"https:\/\/icatlax.edu.mx\/wp-content\/themes\/hestia\/assets\/img\/email.png\" alt=\"\">  <\/h4>\n\n\n\n<p class=\"has-black-color has-text-color has-medium-font-size\"><strong>Horario<\/strong><\/p>\n\n\n\n<p class=\"has-black-color has-text-color\"><strong>Lunes-Viernes de <\/strong><\/p>\n\n\n\n<p class=\"has-black-color has-text-color\"><strong>09:00-17:00<\/strong><\/p>\n<\/div>\n<\/div>\n\n\n\n<div class=\"wp-block-buttons is-layout-flex wp-block-buttons-is-layout-flex\"><\/div>\n<\/div>\n<\/div>\n\n\n<noscript class=\"ninja-forms-noscript-message\">\n\tAviso: Se requiere JavaScript para este contenido.<\/noscript>\n<div id=\"nf-form-2-cont\" class=\"nf-form-cont\" aria-live=\"polite\" aria-labelledby=\"nf-form-title-2\" aria-describedby=\"nf-form-errors-2\" role=\"form\">\n\n    <div class=\"nf-loading-spinner\"><\/div>\n\n<\/div>\n        <!-- That data is being printed as a workaround to page builders reordering the order of the scripts loaded-->\n        <script>var formDisplay=1;var nfForms=nfForms||[];var form=[];form.id='2';form.settings={\"objectType\":\"Form Setting\",\"editActive\":true,\"title\":\"Contacto\",\"show_title\":1,\"allow_public_link\":0,\"embed_form\":\"\",\"clear_complete\":1,\"hide_complete\":1,\"default_label_pos\":\"above\",\"wrapper_class\":\"\",\"element_class\":\"\",\"key\":\"\",\"add_submit\":1,\"changeEmailErrorMsg\":\"Introduce una direcci\\u00f3n de correo electr\\u00f3nico v\\u00e1lida.\",\"changeDateErrorMsg\":\"Please enter a valid date!\",\"confirmFieldErrorMsg\":\"Estos campos deben coincidir.\",\"fieldNumberNumMinError\":\"Error de n\\u00famero m\\u00ednimo\",\"fieldNumberNumMaxError\":\"Error de n\\u00famero m\\u00e1ximo\",\"fieldNumberIncrementBy\":\"Increm\\u00e9ntalo por \",\"formErrorsCorrectErrors\":\"Corrige los errores antes de enviar este formulario.\",\"validateRequiredField\":\"Esto es un campo obligatorio.\",\"honeypotHoneypotError\":\"Error de Honeypot\",\"fieldsMarkedRequired\":\"Campos marcados con <span class=\\\"ninja-forms-req-symbol\\\">*<\\\/span> son requeridos\",\"currency\":\"\",\"repeatable_fieldsets\":\"\",\"unique_field_error\":\"A form with this value has already been submitted.\",\"logged_in\":false,\"not_logged_in_msg\":\"\",\"sub_limit_msg\":\"The form has reached its submission limit.\",\"calculations\":[],\"formContentData\":[\"nombre_completo_1631211844296\",\"email_1631211833029\",\"phone_1631211834664\",\"municipio_1632930898163\",\"escriba_su_comentario_1631219969432\",\"enviar_1631213546116\"],\"drawerDisabled\":false,\"ninjaForms\":\"Ninja Forms\",\"fieldTextareaRTEInsertLink\":\"Insertar enlace\",\"fieldTextareaRTEInsertMedia\":\"Insertar medios\",\"fieldTextareaRTESelectAFile\":\"Seleccione un archivo\",\"formHoneypot\":\"Si eres un ser humano y est\\u00e1s viendo este campo, por favor d\\u00e9jalo vac\\u00edo.\",\"fileUploadOldCodeFileUploadInProgress\":\"Carga de archivo en curso.\",\"fileUploadOldCodeFileUpload\":\"CARGA DE ARCHIVO\",\"currencySymbol\":false,\"thousands_sep\":\",\",\"decimal_point\":\".\",\"siteLocale\":\"es_MX\",\"dateFormat\":\"m\\\/d\\\/Y\",\"startOfWeek\":\"1\",\"of\":\"de\",\"previousMonth\":\"Previo Mes\",\"nextMonth\":\"Siguiente Mes\",\"months\":[\"Enero\",\"Febrero\",\"Marzo\",\"Abril\",\"Mayo\",\"Junio\",\"Julio\",\"Agosto\",\"Septiembre\",\"Octubre\",\"Noviembre\",\"Diciembre\"],\"monthsShort\":[\"Ene\",\"Feb\",\"Mar\",\"Abr\",\"Mayo\",\"Jun\",\"Jul\",\"Ago\",\"Sep\",\"Oct\",\"Nov\",\"Dic\"],\"weekdays\":[\"Domingo\",\"Lunes\",\"Martes\",\"Mi\\u00e9rcoles\",\"Jueves\",\"Viernes\",\"Sabado\"],\"weekdaysShort\":[\"Dom\",\"Lun\",\"Mar\",\"Mie\",\"Jue\",\"Vie\",\"Sab\"],\"weekdaysMin\":[\"Do\",\"Lu\",\"Ma\",\"Mi\",\"Ju\",\"Vi\",\"Sa\"],\"recaptchaConsentMissing\":\"reCaptcha validation couldn&#039;t load.\",\"recaptchaMissingCookie\":\"reCaptcha v3 validation couldn&#039;t load the cookie needed to submit the form.\",\"recaptchaConsentEvent\":\"Accept reCaptcha cookies before sending the form.\",\"currency_symbol\":\"\",\"beforeForm\":\"\",\"beforeFields\":\"\",\"afterFields\":\"\",\"afterForm\":\"\"};form.fields=[{\"objectType\":\"Field\",\"objectDomain\":\"fields\",\"editActive\":false,\"order\":1,\"idAttribute\":\"id\",\"type\":\"firstname\",\"label\":\"Nombre Completo\",\"key\":\"nombre_completo_1631211844296\",\"label_pos\":\"above\",\"required\":1,\"default\":\"\",\"placeholder\":\"\",\"container_class\":\"\",\"element_class\":\"\",\"admin_label\":\"\",\"help_text\":\"\",\"custom_name_attribute\":\"fname\",\"personally_identifiable\":1,\"value\":\"\",\"drawerDisabled\":false,\"id\":5,\"beforeField\":\"\",\"afterField\":\"\",\"parentType\":\"firstname\",\"element_templates\":[\"firstname\",\"input\"],\"old_classname\":\"\",\"wrap_template\":\"wrap\"},{\"objectType\":\"Field\",\"objectDomain\":\"fields\",\"editActive\":false,\"order\":2,\"idAttribute\":\"id\",\"type\":\"email\",\"label\":\"Direcci\\u00f3n de correo electr\\u00f3nico\",\"key\":\"email_1631211833029\",\"label_pos\":\"above\",\"required\":1,\"default\":\"\",\"placeholder\":\"\",\"container_class\":\"\",\"element_class\":\"\",\"admin_label\":\"\",\"help_text\":\"\",\"custom_name_attribute\":\"email\",\"personally_identifiable\":1,\"value\":\"\",\"drawerDisabled\":false,\"id\":6,\"beforeField\":\"\",\"afterField\":\"\",\"parentType\":\"email\",\"element_templates\":[\"email\",\"input\"],\"old_classname\":\"\",\"wrap_template\":\"wrap\"},{\"objectType\":\"Field\",\"objectDomain\":\"fields\",\"editActive\":false,\"order\":3,\"idAttribute\":\"id\",\"type\":\"phone\",\"label\":\"Tel\\u00e9fono\",\"key\":\"phone_1631211834664\",\"label_pos\":\"above\",\"required\":false,\"default\":\"\",\"placeholder\":\"\",\"container_class\":\"\",\"element_class\":\"\",\"input_limit\":\"\",\"input_limit_type\":\"characters\",\"input_limit_msg\":\"Caracteres restantes\",\"manual_key\":false,\"admin_label\":\"\",\"help_text\":\"\",\"mask\":\"\",\"custom_mask\":\"\",\"custom_name_attribute\":\"phone\",\"personally_identifiable\":1,\"value\":\"\",\"id\":7,\"beforeField\":\"\",\"afterField\":\"\",\"parentType\":\"textbox\",\"element_templates\":[\"tel\",\"textbox\",\"input\"],\"old_classname\":\"\",\"wrap_template\":\"wrap\"},{\"objectType\":\"Field\",\"objectDomain\":\"fields\",\"editActive\":false,\"order\":4,\"idAttribute\":\"id\",\"label\":\"Municipio\",\"type\":\"city\",\"key\":\"municipio_1632930898163\",\"label_pos\":\"above\",\"required\":1,\"default\":\"\",\"placeholder\":\"\",\"container_class\":\"\",\"element_class\":\"\",\"input_limit\":\"\",\"input_limit_type\":\"characters\",\"input_limit_msg\":\"Caracteres restantes\",\"manual_key\":false,\"admin_label\":\"\",\"help_text\":\"\",\"mask\":\"\",\"custom_mask\":\"\",\"custom_name_attribute\":\"city\",\"personally_identifiable\":\"\",\"value\":\"\",\"drawerDisabled\":false,\"id\":10,\"beforeField\":\"\",\"afterField\":\"\",\"parentType\":\"city\",\"element_templates\":[\"city\",\"textbox\",\"input\"],\"old_classname\":\"\",\"wrap_template\":\"wrap\"},{\"objectType\":\"Field\",\"objectDomain\":\"fields\",\"editActive\":false,\"order\":5,\"idAttribute\":\"id\",\"type\":\"textarea\",\"label\":\"Escriba su comentario\",\"key\":\"escriba_su_comentario_1631219969432\",\"label_pos\":\"above\",\"required\":false,\"default\":\"\",\"placeholder\":\"\",\"container_class\":\"\",\"element_class\":\"\",\"input_limit\":\"\",\"input_limit_type\":\"characters\",\"input_limit_msg\":\"Caracteres restantes\",\"manual_key\":false,\"admin_label\":\"\",\"help_text\":\"\",\"textarea_rte\":\"\",\"disable_rte_mobile\":\"\",\"textarea_media\":\"\",\"value\":\"\",\"drawerDisabled\":false,\"id\":9,\"beforeField\":\"\",\"afterField\":\"\",\"parentType\":\"textarea\",\"element_templates\":[\"textarea\",\"input\"],\"old_classname\":\"\",\"wrap_template\":\"wrap\"},{\"objectType\":\"Field\",\"objectDomain\":\"fields\",\"editActive\":false,\"order\":6,\"idAttribute\":\"id\",\"type\":\"submit\",\"label\":\"Enviar\",\"processing_label\":\"Procesando\",\"container_class\":\"\",\"element_class\":\"\",\"key\":\"enviar_1631213546116\",\"drawerDisabled\":false,\"id\":8,\"beforeField\":\"\",\"afterField\":\"\",\"value\":\"\",\"label_pos\":\"above\",\"parentType\":\"textbox\",\"element_templates\":[\"submit\",\"button\",\"input\"],\"old_classname\":\"\",\"wrap_template\":\"wrap-no-label\"}];nfForms.push(form);<\/script>\n        \n\n\n<p><\/p>\n","protected":false},"excerpt":{"rendered":"<p>Direcci\u00f3n Antiguo Camino Real s\/n Interior Jard\u00edn Bot\u00e1nico de Tizatl\u00e1n, Tlaxcala, Tlax., C.P. 90100 Tel\u00e9fono 246 689 3858 Correo direcciongeneral@icatlax.edu.mx Horario Lunes-Viernes de 09:00-17:00<\/p>\n","protected":false},"author":1,"featured_media":0,"parent":0,"menu_order":0,"comment_status":"closed","ping_status":"closed","template":"","meta":{"footnotes":""},"class_list":["post-14","page","type-page","status-publish","hentry"],"yoast_head":"<!-- This site is optimized with the Yoast SEO plugin v25.3 - https:\/\/yoast.com\/wordpress\/plugins\/seo\/ -->\n<title>Contacto - ICATLAX<\/title>\n<meta name=\"robots\" content=\"index, follow, max-snippet:-1, max-image-preview:large, max-video-preview:-1\" \/>\n<link rel=\"canonical\" href=\"https:\/\/icatlax.edu.mx\/index.php\/contacto\/\" \/>\n<meta property=\"og:locale\" content=\"es_MX\" \/>\n<meta property=\"og:type\" content=\"article\" \/>\n<meta property=\"og:title\" content=\"Contacto - ICATLAX\" \/>\n<meta property=\"og:description\" content=\"Direcci\u00f3n Antiguo Camino Real s\/n Interior Jard\u00edn Bot\u00e1nico de Tizatl\u00e1n, Tlaxcala, Tlax., C.P. 90100 Tel\u00e9fono 246 689 3858 Correo direcciongeneral@icatlax.edu.mx Horario Lunes-Viernes de 09:00-17:00\" \/>\n<meta property=\"og:url\" content=\"https:\/\/icatlax.edu.mx\/index.php\/contacto\/\" \/>\n<meta property=\"og:site_name\" content=\"ICATLAX\" \/>\n<meta property=\"article:modified_time\" content=\"2024-11-04T19:40:19+00:00\" \/>\n<meta property=\"og:image\" content=\"https:\/\/icatlax.edu.mx\/wp-content\/themes\/hestia\/assets\/img\/email.png\" \/>\n<meta name=\"twitter:card\" content=\"summary_large_image\" \/>\n<meta name=\"twitter:label1\" content=\"Tiempo de lectura\" \/>\n\t<meta name=\"twitter:data1\" content=\"1 minuto\" \/>\n<script type=\"application\/ld+json\" class=\"yoast-schema-graph\">{\"@context\":\"https:\/\/schema.org\",\"@graph\":[{\"@type\":\"WebPage\",\"@id\":\"https:\/\/icatlax.edu.mx\/index.php\/contacto\/\",\"url\":\"https:\/\/icatlax.edu.mx\/index.php\/contacto\/\",\"name\":\"Contacto - ICATLAX\",\"isPartOf\":{\"@id\":\"https:\/\/icatlax.edu.mx\/#website\"},\"primaryImageOfPage\":{\"@id\":\"https:\/\/icatlax.edu.mx\/index.php\/contacto\/#primaryimage\"},\"image\":{\"@id\":\"https:\/\/icatlax.edu.mx\/index.php\/contacto\/#primaryimage\"},\"thumbnailUrl\":\"https:\/\/icatlax.edu.mx\/wp-content\/themes\/hestia\/assets\/img\/email.png\",\"datePublished\":\"2021-09-02T18:30:36+00:00\",\"dateModified\":\"2024-11-04T19:40:19+00:00\",\"breadcrumb\":{\"@id\":\"https:\/\/icatlax.edu.mx\/index.php\/contacto\/#breadcrumb\"},\"inLanguage\":\"es\",\"potentialAction\":[{\"@type\":\"ReadAction\",\"target\":[\"https:\/\/icatlax.edu.mx\/index.php\/contacto\/\"]}]},{\"@type\":\"ImageObject\",\"inLanguage\":\"es\",\"@id\":\"https:\/\/icatlax.edu.mx\/index.php\/contacto\/#primaryimage\",\"url\":\"https:\/\/icatlax.edu.mx\/wp-content\/themes\/hestia\/assets\/img\/email.png\",\"contentUrl\":\"https:\/\/icatlax.edu.mx\/wp-content\/themes\/hestia\/assets\/img\/email.png\"},{\"@type\":\"BreadcrumbList\",\"@id\":\"https:\/\/icatlax.edu.mx\/index.php\/contacto\/#breadcrumb\",\"itemListElement\":[{\"@type\":\"ListItem\",\"position\":1,\"name\":\"Inicio\",\"item\":\"https:\/\/icatlax.edu.mx\/\"},{\"@type\":\"ListItem\",\"position\":2,\"name\":\"Contacto\"}]},{\"@type\":\"WebSite\",\"@id\":\"https:\/\/icatlax.edu.mx\/#website\",\"url\":\"https:\/\/icatlax.edu.mx\/\",\"name\":\"ICATLAX\",\"description\":\"INSTITUTO DE CAPACITACI\u00d3N PARA EL TRABAJO DEL ESTADO DE TLAXCALA\",\"publisher\":{\"@id\":\"https:\/\/icatlax.edu.mx\/#organization\"},\"potentialAction\":[{\"@type\":\"SearchAction\",\"target\":{\"@type\":\"EntryPoint\",\"urlTemplate\":\"https:\/\/icatlax.edu.mx\/?s={search_term_string}\"},\"query-input\":{\"@type\":\"PropertyValueSpecification\",\"valueRequired\":true,\"valueName\":\"search_term_string\"}}],\"inLanguage\":\"es\"},{\"@type\":\"Organization\",\"@id\":\"https:\/\/icatlax.edu.mx\/#organization\",\"name\":\"ICATLAX\",\"url\":\"https:\/\/icatlax.edu.mx\/\",\"logo\":{\"@type\":\"ImageObject\",\"inLanguage\":\"es\",\"@id\":\"https:\/\/icatlax.edu.mx\/#\/schema\/logo\/image\/\",\"url\":\"https:\/\/icatlax.edu.mx\/wp-content\/uploads\/2021\/10\/cropped-cropped-ICATLAX-1.png\",\"contentUrl\":\"https:\/\/icatlax.edu.mx\/wp-content\/uploads\/2021\/10\/cropped-cropped-ICATLAX-1.png\",\"width\":2533,\"height\":597,\"caption\":\"ICATLAX\"},\"image\":{\"@id\":\"https:\/\/icatlax.edu.mx\/#\/schema\/logo\/image\/\"}}]}<\/script>\n<!-- \/ Yoast SEO plugin. -->","yoast_head_json":{"title":"Contacto - ICATLAX","robots":{"index":"index","follow":"follow","max-snippet":"max-snippet:-1","max-image-preview":"max-image-preview:large","max-video-preview":"max-video-preview:-1"},"canonical":"https:\/\/icatlax.edu.mx\/index.php\/contacto\/","og_locale":"es_MX","og_type":"article","og_title":"Contacto - ICATLAX","og_description":"Direcci\u00f3n Antiguo Camino Real s\/n Interior Jard\u00edn Bot\u00e1nico de Tizatl\u00e1n, Tlaxcala, Tlax., C.P. 90100 Tel\u00e9fono 246 689 3858 Correo direcciongeneral@icatlax.edu.mx Horario Lunes-Viernes de 09:00-17:00","og_url":"https:\/\/icatlax.edu.mx\/index.php\/contacto\/","og_site_name":"ICATLAX","article_modified_time":"2024-11-04T19:40:19+00:00","og_image":[{"url":"https:\/\/icatlax.edu.mx\/wp-content\/themes\/hestia\/assets\/img\/email.png","type":"","width":"","height":""}],"twitter_card":"summary_large_image","twitter_misc":{"Tiempo de lectura":"1 minuto"},"schema":{"@context":"https:\/\/schema.org","@graph":[{"@type":"WebPage","@id":"https:\/\/icatlax.edu.mx\/index.php\/contacto\/","url":"https:\/\/icatlax.edu.mx\/index.php\/contacto\/","name":"Contacto - ICATLAX","isPartOf":{"@id":"https:\/\/icatlax.edu.mx\/#website"},"primaryImageOfPage":{"@id":"https:\/\/icatlax.edu.mx\/index.php\/contacto\/#primaryimage"},"image":{"@id":"https:\/\/icatlax.edu.mx\/index.php\/contacto\/#primaryimage"},"thumbnailUrl":"https:\/\/icatlax.edu.mx\/wp-content\/themes\/hestia\/assets\/img\/email.png","datePublished":"2021-09-02T18:30:36+00:00","dateModified":"2024-11-04T19:40:19+00:00","breadcrumb":{"@id":"https:\/\/icatlax.edu.mx\/index.php\/contacto\/#breadcrumb"},"inLanguage":"es","potentialAction":[{"@type":"ReadAction","target":["https:\/\/icatlax.edu.mx\/index.php\/contacto\/"]}]},{"@type":"ImageObject","inLanguage":"es","@id":"https:\/\/icatlax.edu.mx\/index.php\/contacto\/#primaryimage","url":"https:\/\/icatlax.edu.mx\/wp-content\/themes\/hestia\/assets\/img\/email.png","contentUrl":"https:\/\/icatlax.edu.mx\/wp-content\/themes\/hestia\/assets\/img\/email.png"},{"@type":"BreadcrumbList","@id":"https:\/\/icatlax.edu.mx\/index.php\/contacto\/#breadcrumb","itemListElement":[{"@type":"ListItem","position":1,"name":"Inicio","item":"https:\/\/icatlax.edu.mx\/"},{"@type":"ListItem","position":2,"name":"Contacto"}]},{"@type":"WebSite","@id":"https:\/\/icatlax.edu.mx\/#website","url":"https:\/\/icatlax.edu.mx\/","name":"ICATLAX","description":"INSTITUTO DE CAPACITACI\u00d3N PARA EL TRABAJO DEL ESTADO DE TLAXCALA","publisher":{"@id":"https:\/\/icatlax.edu.mx\/#organization"},"potentialAction":[{"@type":"SearchAction","target":{"@type":"EntryPoint","urlTemplate":"https:\/\/icatlax.edu.mx\/?s={search_term_string}"},"query-input":{"@type":"PropertyValueSpecification","valueRequired":true,"valueName":"search_term_string"}}],"inLanguage":"es"},{"@type":"Organization","@id":"https:\/\/icatlax.edu.mx\/#organization","name":"ICATLAX","url":"https:\/\/icatlax.edu.mx\/","logo":{"@type":"ImageObject","inLanguage":"es","@id":"https:\/\/icatlax.edu.mx\/#\/schema\/logo\/image\/","url":"https:\/\/icatlax.edu.mx\/wp-content\/uploads\/2021\/10\/cropped-cropped-ICATLAX-1.png","contentUrl":"https:\/\/icatlax.edu.mx\/wp-content\/uploads\/2021\/10\/cropped-cropped-ICATLAX-1.png","width":2533,"height":597,"caption":"ICATLAX"},"image":{"@id":"https:\/\/icatlax.edu.mx\/#\/schema\/logo\/image\/"}}]}},"_links":{"self":[{"href":"https:\/\/icatlax.edu.mx\/index.php\/wp-json\/wp\/v2\/pages\/14","targetHints":{"allow":["GET"]}}],"collection":[{"href":"https:\/\/icatlax.edu.mx\/index.php\/wp-json\/wp\/v2\/pages"}],"about":[{"href":"https:\/\/icatlax.edu.mx\/index.php\/wp-json\/wp\/v2\/types\/page"}],"author":[{"embeddable":true,"href":"https:\/\/icatlax.edu.mx\/index.php\/wp-json\/wp\/v2\/users\/1"}],"replies":[{"embeddable":true,"href":"https:\/\/icatlax.edu.mx\/index.php\/wp-json\/wp\/v2\/comments?post=14"}],"version-history":[{"count":30,"href":"https:\/\/icatlax.edu.mx\/index.php\/wp-json\/wp\/v2\/pages\/14\/revisions"}],"predecessor-version":[{"id":2271,"href":"https:\/\/icatlax.edu.mx\/index.php\/wp-json\/wp\/v2\/pages\/14\/revisions\/2271"}],"wp:attachment":[{"href":"https:\/\/icatlax.edu.mx\/index.php\/wp-json\/wp\/v2\/media?parent=14"}],"curies":[{"name":"wp","href":"https:\/\/api.w.org\/{rel}","templated":true}]}}