{"id":1102,"date":"2022-02-09T21:44:09","date_gmt":"2022-02-09T21:44:09","guid":{"rendered":"https:\/\/icatlax.edu.mx\/?page_id=1102"},"modified":"2022-09-27T16:21:36","modified_gmt":"2022-09-27T16:21:36","slug":"inicial","status":"publish","type":"page","link":"https:\/\/icatlax.edu.mx\/index.php\/inicial\/","title":{"rendered":"INICIO"},"content":{"rendered":"\t\t<div data-elementor-type=\"wp-page\" data-elementor-id=\"1102\" class=\"elementor elementor-1102\">\n\t\t\t\t\t\t<section class=\"elementor-section elementor-top-section elementor-element elementor-element-950b12f elementor-section-boxed elementor-section-height-default elementor-section-height-default wpr-particle-no wpr-jarallax-no wpr-parallax-no wpr-sticky-section-no\" data-id=\"950b12f\" data-element_type=\"section\">\n\t\t\t\t\t\t<div class=\"elementor-container elementor-column-gap-default\">\n\t\t\t\t\t<div class=\"elementor-column elementor-col-100 elementor-top-column elementor-element elementor-element-0b566fb\" data-id=\"0b566fb\" data-element_type=\"column\">\n\t\t\t<div class=\"elementor-widget-wrap\">\n\t\t\t\t\t\t\t<\/div>\n\t\t<\/div>\n\t\t\t\t\t<\/div>\n\t\t<\/section>\n\t\t\t\t<section class=\"elementor-section elementor-top-section elementor-element elementor-element-28db357 elementor-section-boxed elementor-section-height-default elementor-section-height-default wpr-particle-no wpr-jarallax-no wpr-parallax-no wpr-sticky-section-no\" data-id=\"28db357\" data-element_type=\"section\">\n\t\t\t\t\t\t<div class=\"elementor-container elementor-column-gap-default\">\n\t\t\t\t\t<div class=\"elementor-column elementor-col-66 elementor-top-column elementor-element elementor-element-72daf71\" data-id=\"72daf71\" data-element_type=\"column\">\n\t\t\t<div class=\"elementor-widget-wrap elementor-element-populated\">\n\t\t\t\t\t\t<div class=\"elementor-element elementor-element-2d6f4ba elementor-widget elementor-widget-image\" data-id=\"2d6f4ba\" data-element_type=\"widget\" data-widget_type=\"image.default\">\n\t\t\t\t<div class=\"elementor-widget-container\">\n\t\t\t\t\t\t\t\t\t\t\t\t\t\t\t<img fetchpriority=\"high\" decoding=\"async\" width=\"800\" height=\"400\" src=\"https:\/\/icatlax.edu.mx\/wp-content\/uploads\/2022\/05\/POST.-INSTRUCTORES.jpg\" class=\"attachment-large size-large wp-image-1251\" alt=\"POST. INSTRUCTORES\" srcset=\"https:\/\/icatlax.edu.mx\/wp-content\/uploads\/2022\/05\/POST.-INSTRUCTORES.jpg 1000w, https:\/\/icatlax.edu.mx\/wp-content\/uploads\/2022\/05\/POST.-INSTRUCTORES-300x150.jpg 300w, https:\/\/icatlax.edu.mx\/wp-content\/uploads\/2022\/05\/POST.-INSTRUCTORES-768x384.jpg 768w\" sizes=\"(max-width: 800px) 100vw, 800px\" \/>\t\t\t\t\t\t\t\t\t\t\t\t\t\t\t<\/div>\n\t\t\t\t<\/div>\n\t\t\t\t<div class=\"elementor-element elementor-element-14f6561 elementor-widget elementor-widget-image\" data-id=\"14f6561\" data-element_type=\"widget\" data-widget_type=\"image.default\">\n\t\t\t\t<div class=\"elementor-widget-container\">\n\t\t\t\t\t\t\t\t\t\t\t\t\t\t\t<img decoding=\"async\" width=\"622\" height=\"1024\" src=\"https:\/\/icatlax.edu.mx\/wp-content\/uploads\/2022\/07\/CONVOCATORIA_page-0001-622x1024.jpg\" class=\"attachment-large size-large wp-image-1466\" alt=\"\" srcset=\"https:\/\/icatlax.edu.mx\/wp-content\/uploads\/2022\/07\/CONVOCATORIA_page-0001-622x1024.jpg 622w, https:\/\/icatlax.edu.mx\/wp-content\/uploads\/2022\/07\/CONVOCATORIA_page-0001-182x300.jpg 182w, https:\/\/icatlax.edu.mx\/wp-content\/uploads\/2022\/07\/CONVOCATORIA_page-0001-768x1265.jpg 768w, https:\/\/icatlax.edu.mx\/wp-content\/uploads\/2022\/07\/CONVOCATORIA_page-0001-933x1536.jpg 933w, https:\/\/icatlax.edu.mx\/wp-content\/uploads\/2022\/07\/CONVOCATORIA_page-0001-1243x2048.jpg 1243w, https:\/\/icatlax.edu.mx\/wp-content\/uploads\/2022\/07\/CONVOCATORIA_page-0001.jpg 1275w\" sizes=\"(max-width: 622px) 100vw, 622px\" \/>\t\t\t\t\t\t\t\t\t\t\t\t\t\t\t<\/div>\n\t\t\t\t<\/div>\n\t\t\t\t\t<\/div>\n\t\t<\/div>\n\t\t\t\t<div class=\"elementor-column elementor-col-33 elementor-top-column elementor-element elementor-element-7995984\" data-id=\"7995984\" data-element_type=\"column\">\n\t\t\t<div class=\"elementor-widget-wrap elementor-element-populated\">\n\t\t\t\t\t\t<div class=\"elementor-element elementor-element-4979fee elementor-widget elementor-widget-html\" data-id=\"4979fee\" data-element_type=\"widget\" data-widget_type=\"html.default\">\n\t\t\t\t<div class=\"elementor-widget-container\">\n\t\t\t\t\t<a class=\"twitter-timeline\" data-width=\"450\" data-height=\"550\" href=\"https:\/\/twitter.com\/GobTlaxcala?ref_src=twsrc%5Etfw\">Tweets by GobTlaxcala<\/a> <script async=\"\" src=\"https:\/\/platform.twitter.com\/widgets.js\" charset=\"utf-8\"><\/script>\t\t\t\t<\/div>\n\t\t\t\t<\/div>\n\t\t\t\t<div class=\"elementor-element elementor-element-55234a4 elementor-widget elementor-widget-html\" data-id=\"55234a4\" data-element_type=\"widget\" data-widget_type=\"html.default\">\n\t\t\t\t<div class=\"elementor-widget-container\">\n\t\t\t\t\t<div><iframe src=\"https:\/\/www.facebook.com\/plugins\/page.php?href=https%3A%2F%2Fwww.facebook.com%2FICATLAX-232611185412580&tabs=timeline&width=500&height=500&small_header=false&adapt_container_width=true&hide_cover=false&show_facepile=true&appId\" width=\"500\" height=\"500\" style=\"border:none;overflow:hidden\" scrolling=\"no\" frameborder=\"0\" allowfullscreen=\"true\" allow=\"autoplay; clipboard-write; encrypted-media; picture-in-picture; web-share\"><\/iframe><\/div>\t\t\t\t<\/div>\n\t\t\t\t<\/div>\n\t\t\t\t<div class=\"elementor-element elementor-element-bb198ab elementor-widget elementor-widget-image\" data-id=\"bb198ab\" data-element_type=\"widget\" data-widget_type=\"image.default\">\n\t\t\t\t<div class=\"elementor-widget-container\">\n\t\t\t\t\t\t\t\t\t\t\t\t\t\t\t\t<a href=\"https:\/\/transparencia.tlaxcala.gob.mx\/?dep=24&#038;option=com_content&#038;view=article&#038;id=34&#038;Itemid=73&#038;nomdep=INSTITUTO+DE+CAPACITACI%C3%93N+PARA+EL+TRABAJO+DEL+ESTADO+DE+TLAXCALA.&#038;ret=%2Fsistemas%2Ftransparencia%2Ftrans_qonsulta1.php&#038;lin=2018&#038;cmbDepCentral=0&#038;cmbDepDescentral=24&#038;cmbDepDesconce=0&#038;cmbDepOtros=0\">\n\t\t\t\t\t\t\t<img decoding=\"async\" width=\"800\" height=\"135\" src=\"https:\/\/icatlax.edu.mx\/wp-content\/uploads\/2021\/10\/Transparencia-1024x173.png\" class=\"attachment-large size-large wp-image-691\" alt=\"\" srcset=\"https:\/\/icatlax.edu.mx\/wp-content\/uploads\/2021\/10\/Transparencia-1024x173.png 1024w, https:\/\/icatlax.edu.mx\/wp-content\/uploads\/2021\/10\/Transparencia-300x51.png 300w, https:\/\/icatlax.edu.mx\/wp-content\/uploads\/2021\/10\/Transparencia-768x130.png 768w, https:\/\/icatlax.edu.mx\/wp-content\/uploads\/2021\/10\/Transparencia-1536x260.png 1536w, https:\/\/icatlax.edu.mx\/wp-content\/uploads\/2021\/10\/Transparencia-2048x347.png 2048w, https:\/\/icatlax.edu.mx\/wp-content\/uploads\/2021\/10\/Transparencia-600x102.png 600w\" sizes=\"(max-width: 800px) 100vw, 800px\" \/>\t\t\t\t\t\t\t\t<\/a>\n\t\t\t\t\t\t\t\t\t\t\t\t\t\t\t<\/div>\n\t\t\t\t<\/div>\n\t\t\t\t<div class=\"elementor-element elementor-element-e632e27 elementor-widget elementor-widget-image\" data-id=\"e632e27\" data-element_type=\"widget\" data-widget_type=\"image.default\">\n\t\t\t\t<div class=\"elementor-widget-container\">\n\t\t\t\t\t\t\t\t\t\t\t\t\t\t\t\t<a href=\"https:\/\/icatlax.edu.mx\/Cuenta-Publica\/\">\n\t\t\t\t\t\t\t<img loading=\"lazy\" decoding=\"async\" width=\"800\" height=\"134\" src=\"https:\/\/icatlax.edu.mx\/wp-content\/uploads\/2021\/10\/Cuenta-publica-1024x171.png\" class=\"attachment-large size-large wp-image-692\" alt=\"\" srcset=\"https:\/\/icatlax.edu.mx\/wp-content\/uploads\/2021\/10\/Cuenta-publica-1024x171.png 1024w, https:\/\/icatlax.edu.mx\/wp-content\/uploads\/2021\/10\/Cuenta-publica-300x50.png 300w, https:\/\/icatlax.edu.mx\/wp-content\/uploads\/2021\/10\/Cuenta-publica-768x128.png 768w, https:\/\/icatlax.edu.mx\/wp-content\/uploads\/2021\/10\/Cuenta-publica-1536x257.png 1536w, https:\/\/icatlax.edu.mx\/wp-content\/uploads\/2021\/10\/Cuenta-publica-2048x343.png 2048w, https:\/\/icatlax.edu.mx\/wp-content\/uploads\/2021\/10\/Cuenta-publica-600x100.png 600w\" sizes=\"(max-width: 800px) 100vw, 800px\" \/>\t\t\t\t\t\t\t\t<\/a>\n\t\t\t\t\t\t\t\t\t\t\t\t\t\t\t<\/div>\n\t\t\t\t<\/div>\n\t\t\t\t<div class=\"elementor-element elementor-element-f8424ef elementor-widget elementor-widget-image\" data-id=\"f8424ef\" data-element_type=\"widget\" data-widget_type=\"image.default\">\n\t\t\t\t<div class=\"elementor-widget-container\">\n\t\t\t\t\t\t\t\t\t\t\t\t\t\t\t\t<a href=\"http:\/\/201.122.192.38\/SIIF\/\">\n\t\t\t\t\t\t\t<img loading=\"lazy\" decoding=\"async\" width=\"800\" height=\"136\" src=\"https:\/\/icatlax.edu.mx\/wp-content\/uploads\/2021\/10\/SIIF-1-1024x174.png\" class=\"attachment-large size-large wp-image-697\" alt=\"\" srcset=\"https:\/\/icatlax.edu.mx\/wp-content\/uploads\/2021\/10\/SIIF-1-1024x174.png 1024w, https:\/\/icatlax.edu.mx\/wp-content\/uploads\/2021\/10\/SIIF-1-300x51.png 300w, https:\/\/icatlax.edu.mx\/wp-content\/uploads\/2021\/10\/SIIF-1-768x130.png 768w, https:\/\/icatlax.edu.mx\/wp-content\/uploads\/2021\/10\/SIIF-1-1536x261.png 1536w, https:\/\/icatlax.edu.mx\/wp-content\/uploads\/2021\/10\/SIIF-1-2048x348.png 2048w, https:\/\/icatlax.edu.mx\/wp-content\/uploads\/2021\/10\/SIIF-1-600x102.png 600w\" sizes=\"(max-width: 800px) 100vw, 800px\" \/>\t\t\t\t\t\t\t\t<\/a>\n\t\t\t\t\t\t\t\t\t\t\t\t\t\t\t<\/div>\n\t\t\t\t<\/div>\n\t\t\t\t\t<\/div>\n\t\t<\/div>\n\t\t\t\t\t<\/div>\n\t\t<\/section>\n\t\t\t\t<section class=\"elementor-section elementor-top-section elementor-element elementor-element-c0c67d9 elementor-section-boxed elementor-section-height-default elementor-section-height-default wpr-particle-no wpr-jarallax-no wpr-parallax-no wpr-sticky-section-no\" data-id=\"c0c67d9\" data-element_type=\"section\">\n\t\t\t\t\t\t<div class=\"elementor-container elementor-column-gap-default\">\n\t\t\t\t\t<div class=\"elementor-column elementor-col-100 elementor-top-column elementor-element elementor-element-1b49ff8\" data-id=\"1b49ff8\" data-element_type=\"column\">\n\t\t\t<div class=\"elementor-widget-wrap\">\n\t\t\t\t\t\t\t<\/div>\n\t\t<\/div>\n\t\t\t\t\t<\/div>\n\t\t<\/section>\n\t\t\t\t<section class=\"elementor-section elementor-top-section elementor-element elementor-element-bd4faa6 elementor-section-boxed elementor-section-height-default elementor-section-height-default wpr-particle-no wpr-jarallax-no wpr-parallax-no wpr-sticky-section-no\" data-id=\"bd4faa6\" data-element_type=\"section\">\n\t\t\t\t\t\t<div class=\"elementor-container elementor-column-gap-default\">\n\t\t\t\t\t<div class=\"elementor-column elementor-col-100 elementor-top-column elementor-element elementor-element-d0347a9\" data-id=\"d0347a9\" data-element_type=\"column\">\n\t\t\t<div class=\"elementor-widget-wrap elementor-element-populated\">\n\t\t\t\t\t\t<div class=\"elementor-element elementor-element-9bce399 elementor-widget elementor-widget-heading\" data-id=\"9bce399\" data-element_type=\"widget\" data-widget_type=\"heading.default\">\n\t\t\t\t<div class=\"elementor-widget-container\">\n\t\t\t\t\t<h2 class=\"elementor-heading-title elementor-size-default\">Casos de \u00e9xito <\/h2>\t\t\t\t<\/div>\n\t\t\t\t<\/div>\n\t\t\t\t\t<\/div>\n\t\t<\/div>\n\t\t\t\t\t<\/div>\n\t\t<\/section>\n\t\t\t\t<\/div>\n\t\t","protected":false},"excerpt":{"rendered":"<p>Tweets by GobTlaxcala Boletines Concurso Gastron\u00f3mico Icatlax 2022 Icatlax Jun 30, 2022 Entrega de certificados de educaci\u00f3n financiera Icatlax Jun 26, 2022 Entrega de constancia al SSC Icatlax Jun 14, 2022 Entrega de constancia al FOMTLAX Icatlax Jun 14, 2022 Presenta Icatlax prototipos de la rama artesanal y tecnol\u00f3gica Icatlax Jun 09, 2022 ICATLAX Y CONALEP FIRMARON CONVENIO DE COLABORACI\u00d3N PARA FORTALECER LA EDUCACI\u00d3N DE ESTUDIANTES Icatlax May 27, 2022 Casos de \u00e9xito<\/p>\n","protected":false},"author":1,"featured_media":0,"parent":0,"menu_order":0,"comment_status":"closed","ping_status":"closed","template":"","meta":{"footnotes":""},"class_list":["post-1102","page","type-page","status-publish","hentry"],"yoast_head":"<!-- This site is optimized with the Yoast SEO plugin v25.3 - https:\/\/yoast.com\/wordpress\/plugins\/seo\/ -->\n<title>INICIO - ICATLAX<\/title>\n<meta name=\"robots\" content=\"index, follow, max-snippet:-1, max-image-preview:large, max-video-preview:-1\" \/>\n<link rel=\"canonical\" href=\"https:\/\/icatlax.edu.mx\/index.php\/inicial\/\" \/>\n<meta property=\"og:locale\" content=\"es_MX\" \/>\n<meta property=\"og:type\" content=\"article\" \/>\n<meta property=\"og:title\" content=\"INICIO - ICATLAX\" \/>\n<meta property=\"og:description\" content=\"Tweets by GobTlaxcala Boletines Concurso Gastron\u00f3mico Icatlax 2022 Icatlax Jun 30, 2022 Entrega de certificados de educaci\u00f3n financiera Icatlax Jun 26, 2022 Entrega de constancia al SSC Icatlax Jun 14, 2022 Entrega de constancia al FOMTLAX Icatlax Jun 14, 2022 Presenta Icatlax prototipos de la rama artesanal y tecnol\u00f3gica Icatlax Jun 09, 2022 ICATLAX Y CONALEP FIRMARON CONVENIO DE COLABORACI\u00d3N PARA FORTALECER LA EDUCACI\u00d3N DE ESTUDIANTES Icatlax May 27, 2022 Casos de \u00e9xito\" \/>\n<meta property=\"og:url\" content=\"https:\/\/icatlax.edu.mx\/index.php\/inicial\/\" \/>\n<meta property=\"og:site_name\" content=\"ICATLAX\" \/>\n<meta property=\"article:modified_time\" content=\"2022-09-27T16:21:36+00:00\" \/>\n<meta property=\"og:image\" content=\"https:\/\/icatlax.edu.mx\/wp-content\/uploads\/2022\/05\/POST.-INSTRUCTORES.jpg\" \/>\n<meta name=\"twitter:card\" content=\"summary_large_image\" \/>\n<meta name=\"twitter:label1\" content=\"Tiempo de lectura\" \/>\n\t<meta name=\"twitter:data1\" content=\"4 minutos\" \/>\n<script type=\"application\/ld+json\" class=\"yoast-schema-graph\">{\"@context\":\"https:\/\/schema.org\",\"@graph\":[{\"@type\":\"WebPage\",\"@id\":\"https:\/\/icatlax.edu.mx\/index.php\/inicial\/\",\"url\":\"https:\/\/icatlax.edu.mx\/index.php\/inicial\/\",\"name\":\"INICIO - ICATLAX\",\"isPartOf\":{\"@id\":\"https:\/\/icatlax.edu.mx\/#website\"},\"primaryImageOfPage\":{\"@id\":\"https:\/\/icatlax.edu.mx\/index.php\/inicial\/#primaryimage\"},\"image\":{\"@id\":\"https:\/\/icatlax.edu.mx\/index.php\/inicial\/#primaryimage\"},\"thumbnailUrl\":\"https:\/\/icatlax.edu.mx\/wp-content\/uploads\/2022\/05\/POST.-INSTRUCTORES.jpg\",\"datePublished\":\"2022-02-09T21:44:09+00:00\",\"dateModified\":\"2022-09-27T16:21:36+00:00\",\"breadcrumb\":{\"@id\":\"https:\/\/icatlax.edu.mx\/index.php\/inicial\/#breadcrumb\"},\"inLanguage\":\"es\",\"potentialAction\":[{\"@type\":\"ReadAction\",\"target\":[\"https:\/\/icatlax.edu.mx\/index.php\/inicial\/\"]}]},{\"@type\":\"ImageObject\",\"inLanguage\":\"es\",\"@id\":\"https:\/\/icatlax.edu.mx\/index.php\/inicial\/#primaryimage\",\"url\":\"https:\/\/icatlax.edu.mx\/wp-content\/uploads\/2022\/05\/POST.-INSTRUCTORES.jpg\",\"contentUrl\":\"https:\/\/icatlax.edu.mx\/wp-content\/uploads\/2022\/05\/POST.-INSTRUCTORES.jpg\",\"width\":1000,\"height\":500,\"caption\":\"POST. INSTRUCTORES\"},{\"@type\":\"BreadcrumbList\",\"@id\":\"https:\/\/icatlax.edu.mx\/index.php\/inicial\/#breadcrumb\",\"itemListElement\":[{\"@type\":\"ListItem\",\"position\":1,\"name\":\"Inicio\",\"item\":\"https:\/\/icatlax.edu.mx\/\"},{\"@type\":\"ListItem\",\"position\":2,\"name\":\"INICIO\"}]},{\"@type\":\"WebSite\",\"@id\":\"https:\/\/icatlax.edu.mx\/#website\",\"url\":\"https:\/\/icatlax.edu.mx\/\",\"name\":\"ICATLAX\",\"description\":\"INSTITUTO DE CAPACITACI\u00d3N PARA EL TRABAJO DEL ESTADO DE TLAXCALA\",\"publisher\":{\"@id\":\"https:\/\/icatlax.edu.mx\/#organization\"},\"potentialAction\":[{\"@type\":\"SearchAction\",\"target\":{\"@type\":\"EntryPoint\",\"urlTemplate\":\"https:\/\/icatlax.edu.mx\/?s={search_term_string}\"},\"query-input\":{\"@type\":\"PropertyValueSpecification\",\"valueRequired\":true,\"valueName\":\"search_term_string\"}}],\"inLanguage\":\"es\"},{\"@type\":\"Organization\",\"@id\":\"https:\/\/icatlax.edu.mx\/#organization\",\"name\":\"ICATLAX\",\"url\":\"https:\/\/icatlax.edu.mx\/\",\"logo\":{\"@type\":\"ImageObject\",\"inLanguage\":\"es\",\"@id\":\"https:\/\/icatlax.edu.mx\/#\/schema\/logo\/image\/\",\"url\":\"https:\/\/icatlax.edu.mx\/wp-content\/uploads\/2021\/10\/cropped-cropped-ICATLAX-1.png\",\"contentUrl\":\"https:\/\/icatlax.edu.mx\/wp-content\/uploads\/2021\/10\/cropped-cropped-ICATLAX-1.png\",\"width\":2533,\"height\":597,\"caption\":\"ICATLAX\"},\"image\":{\"@id\":\"https:\/\/icatlax.edu.mx\/#\/schema\/logo\/image\/\"}}]}<\/script>\n<!-- \/ Yoast SEO plugin. -->","yoast_head_json":{"title":"INICIO - ICATLAX","robots":{"index":"index","follow":"follow","max-snippet":"max-snippet:-1","max-image-preview":"max-image-preview:large","max-video-preview":"max-video-preview:-1"},"canonical":"https:\/\/icatlax.edu.mx\/index.php\/inicial\/","og_locale":"es_MX","og_type":"article","og_title":"INICIO - ICATLAX","og_description":"Tweets by GobTlaxcala Boletines Concurso Gastron\u00f3mico Icatlax 2022 Icatlax Jun 30, 2022 Entrega de certificados de educaci\u00f3n financiera Icatlax Jun 26, 2022 Entrega de constancia al SSC Icatlax Jun 14, 2022 Entrega de constancia al FOMTLAX Icatlax Jun 14, 2022 Presenta Icatlax prototipos de la rama artesanal y tecnol\u00f3gica Icatlax Jun 09, 2022 ICATLAX Y CONALEP FIRMARON CONVENIO DE COLABORACI\u00d3N PARA FORTALECER LA EDUCACI\u00d3N DE ESTUDIANTES Icatlax May 27, 2022 Casos de \u00e9xito","og_url":"https:\/\/icatlax.edu.mx\/index.php\/inicial\/","og_site_name":"ICATLAX","article_modified_time":"2022-09-27T16:21:36+00:00","og_image":[{"url":"https:\/\/icatlax.edu.mx\/wp-content\/uploads\/2022\/05\/POST.-INSTRUCTORES.jpg","type":"","width":"","height":""}],"twitter_card":"summary_large_image","twitter_misc":{"Tiempo de lectura":"4 minutos"},"schema":{"@context":"https:\/\/schema.org","@graph":[{"@type":"WebPage","@id":"https:\/\/icatlax.edu.mx\/index.php\/inicial\/","url":"https:\/\/icatlax.edu.mx\/index.php\/inicial\/","name":"INICIO - ICATLAX","isPartOf":{"@id":"https:\/\/icatlax.edu.mx\/#website"},"primaryImageOfPage":{"@id":"https:\/\/icatlax.edu.mx\/index.php\/inicial\/#primaryimage"},"image":{"@id":"https:\/\/icatlax.edu.mx\/index.php\/inicial\/#primaryimage"},"thumbnailUrl":"https:\/\/icatlax.edu.mx\/wp-content\/uploads\/2022\/05\/POST.-INSTRUCTORES.jpg","datePublished":"2022-02-09T21:44:09+00:00","dateModified":"2022-09-27T16:21:36+00:00","breadcrumb":{"@id":"https:\/\/icatlax.edu.mx\/index.php\/inicial\/#breadcrumb"},"inLanguage":"es","potentialAction":[{"@type":"ReadAction","target":["https:\/\/icatlax.edu.mx\/index.php\/inicial\/"]}]},{"@type":"ImageObject","inLanguage":"es","@id":"https:\/\/icatlax.edu.mx\/index.php\/inicial\/#primaryimage","url":"https:\/\/icatlax.edu.mx\/wp-content\/uploads\/2022\/05\/POST.-INSTRUCTORES.jpg","contentUrl":"https:\/\/icatlax.edu.mx\/wp-content\/uploads\/2022\/05\/POST.-INSTRUCTORES.jpg","width":1000,"height":500,"caption":"POST. INSTRUCTORES"},{"@type":"BreadcrumbList","@id":"https:\/\/icatlax.edu.mx\/index.php\/inicial\/#breadcrumb","itemListElement":[{"@type":"ListItem","position":1,"name":"Inicio","item":"https:\/\/icatlax.edu.mx\/"},{"@type":"ListItem","position":2,"name":"INICIO"}]},{"@type":"WebSite","@id":"https:\/\/icatlax.edu.mx\/#website","url":"https:\/\/icatlax.edu.mx\/","name":"ICATLAX","description":"INSTITUTO DE CAPACITACI\u00d3N PARA EL TRABAJO DEL ESTADO DE TLAXCALA","publisher":{"@id":"https:\/\/icatlax.edu.mx\/#organization"},"potentialAction":[{"@type":"SearchAction","target":{"@type":"EntryPoint","urlTemplate":"https:\/\/icatlax.edu.mx\/?s={search_term_string}"},"query-input":{"@type":"PropertyValueSpecification","valueRequired":true,"valueName":"search_term_string"}}],"inLanguage":"es"},{"@type":"Organization","@id":"https:\/\/icatlax.edu.mx\/#organization","name":"ICATLAX","url":"https:\/\/icatlax.edu.mx\/","logo":{"@type":"ImageObject","inLanguage":"es","@id":"https:\/\/icatlax.edu.mx\/#\/schema\/logo\/image\/","url":"https:\/\/icatlax.edu.mx\/wp-content\/uploads\/2021\/10\/cropped-cropped-ICATLAX-1.png","contentUrl":"https:\/\/icatlax.edu.mx\/wp-content\/uploads\/2021\/10\/cropped-cropped-ICATLAX-1.png","width":2533,"height":597,"caption":"ICATLAX"},"image":{"@id":"https:\/\/icatlax.edu.mx\/#\/schema\/logo\/image\/"}}]}},"_links":{"self":[{"href":"https:\/\/icatlax.edu.mx\/index.php\/wp-json\/wp\/v2\/pages\/1102","targetHints":{"allow":["GET"]}}],"collection":[{"href":"https:\/\/icatlax.edu.mx\/index.php\/wp-json\/wp\/v2\/pages"}],"about":[{"href":"https:\/\/icatlax.edu.mx\/index.php\/wp-json\/wp\/v2\/types\/page"}],"author":[{"embeddable":true,"href":"https:\/\/icatlax.edu.mx\/index.php\/wp-json\/wp\/v2\/users\/1"}],"replies":[{"embeddable":true,"href":"https:\/\/icatlax.edu.mx\/index.php\/wp-json\/wp\/v2\/comments?post=1102"}],"version-history":[{"count":73,"href":"https:\/\/icatlax.edu.mx\/index.php\/wp-json\/wp\/v2\/pages\/1102\/revisions"}],"predecessor-version":[{"id":1600,"href":"https:\/\/icatlax.edu.mx\/index.php\/wp-json\/wp\/v2\/pages\/1102\/revisions\/1600"}],"wp:attachment":[{"href":"https:\/\/icatlax.edu.mx\/index.php\/wp-json\/wp\/v2\/media?parent=1102"}],"curies":[{"name":"wp","href":"https:\/\/api.w.org\/{rel}","templated":true}]}}